{"id":1256,"date":"2021-05-16T13:37:08","date_gmt":"2021-05-16T20:37:08","guid":{"rendered":"https:\/\/truthcampaign.org\/?page_id=1256"},"modified":"2025-05-17T10:04:06","modified_gmt":"2025-05-17T17:04:06","slug":"drawn","status":"publish","type":"page","link":"https:\/\/truthcampaign.org\/de\/drawn\/","title":{"rendered":""},"content":{"rendered":"<p class=\"has-text-color wp-block-paragraph\" style=\"color:#000000;font-size:18px\"><strong>Haben die J\u00fcnger \u201c<span style=\"text-decoration: underline;\">verlassen<\/span>\u201d Jesus, weil Gott der Vater beschlossen hat, nicht<mark style=\"background-color:rgba(0, 0, 0, 0)\" class=\"has-inline-color has-black-color\"> \"<span style=\"text-decoration: underline;\">zeichnen<\/span><\/mark>\u201d sie seinem Sohn zukommen lassen? <\/strong><\/p>\n\n\n\n<hr class=\"wp-block-separator has-text-color has-css-opacity has-background is-style-wide\" style=\"background-color:#000000;color:#000000\"\/>\n\n\n\n<p class=\"wp-block-paragraph\" style=\"font-size:18px\"><mark style=\"background-color:rgba(0, 0, 0, 0)\" class=\"has-inline-color has-black-color\"><strong>Johannes 6:44<\/strong> - \"Keiner kann <span style=\"text-decoration: underline;\">Kommen Sie zu mir<\/span> es sei denn, der Vater, der mich gesandt hat <span style=\"text-decoration: underline;\">zeichnen<\/span> und ich werde ihn auferwecken am j\u00fcngsten Tag.\u201d <\/mark><\/p>\n\n\n\n<ul style=\"color:#000000\" class=\"wp-block-list\">\n<li style=\"font-size:18px\"><mark style=\"background-color:rgba(0, 0, 0, 0)\" class=\"has-inline-color has-black-color\">Manche Menschen glauben, der Vater habe sich entschieden, diese J\u00fcnger nicht zu seinem Sohn zu ziehen. <\/mark><\/li>\n<\/ul>\n\n\n\n<ul style=\"color:#000000\" class=\"wp-block-list\">\n<li style=\"font-size:18px\"><mark style=\"background-color:rgba(0, 0, 0, 0)\" class=\"has-inline-color has-black-color\">Sie glauben, dass dies der Grund war, warum viele J\u00fcnger Jesus verlie\u00dfen und ihn nicht mehr begleiteten. 66<\/mark><\/li>\n<\/ul>\n\n\n\n<ul style=\"color:#000000\" class=\"wp-block-list\">\n<li style=\"font-size:18px\"><mark style=\"background-color:rgba(0, 0, 0, 0)\" class=\"has-inline-color has-black-color\">Jesus definierte \"<span style=\"text-decoration: underline;\">zeichnen<\/span>\u201d in der n\u00e4chsten Strophe... <\/mark><\/li>\n<\/ul>\n\n\n\n<ul style=\"color:#000000\" class=\"wp-block-list\">\n<li style=\"font-size:18px\">Jeder, der<strong> \"<span style=\"text-decoration: underline;\">h\u00f6rt zu<\/span>\" <\/strong>zu meinem Vater und <strong>\"<span style=\"text-decoration: underline;\">lernt<\/span>\"<\/strong> von ihm<strong> \"<span style=\"text-decoration: underline;\">kommt zu mir<\/span>.\" <\/strong>45<\/li>\n<\/ul>\n\n\n\n<hr class=\"wp-block-separator has-text-color has-css-opacity has-background is-style-wide\" style=\"background-color:#000000;color:#000000\"\/>\n\n\n\n<p class=\"wp-block-paragraph\" style=\"font-size:18px\"><mark style=\"background-color:rgba(0, 0, 0, 0)\" class=\"has-inline-color has-black-color\"><strong>H\u00f6ren Sie dem Vater zu und lernen Sie von ihm<\/strong><\/mark><\/p>\n\n\n\n<hr class=\"wp-block-separator has-text-color has-css-opacity has-background is-style-wide\" style=\"background-color:#000000;color:#000000\"\/>\n\n\n\n<ul style=\"color:#000000\" class=\"wp-block-list\">\n<li style=\"font-size:18px\">Um gezeichnet zu werden, mussten die J\u00fcnger dem Vater zuh\u00f6ren und von ihm lernen. <\/li>\n<\/ul>\n\n\n\n<ul style=\"color:#000000\" class=\"wp-block-list\">\n<li style=\"font-size:18px\">Haben Sie bemerkt, wie Jesus absichtlich die <strong>&#8220;<span style=\"text-decoration: underline;\">Der Wille des Vaters<\/span>\"<\/strong> direkt vor Vers 44?<\/li>\n<\/ul>\n\n\n\n<ul style=\"color:#000000\" class=\"wp-block-list\">\n<li style=\"font-size:18px\">\u201cDenn das ist der Wille meines Vaters, dass jeder, der den Sohn sieht und <strong>\"<span style=\"text-decoration: underline;\">glaubt<\/span>\"<\/strong> in ihm das ewige Leben haben, und ich werde ihn auferwecken am letzten Tag.\u201d 40<\/li>\n<\/ul>\n\n\n\n<ul style=\"color:#000000\" class=\"wp-block-list\">\n<li style=\"font-size:18px\">H\u00e4tten die Juden den Herrn nicht unterbrochen, indem sie sich beschwerten (41-43), w\u00fcrden die Verse 40 und 44 \u201cR\u00fccken an R\u00fccken\u201d dasselbe Thema behandeln, n\u00e4mlich \u201cauferweckt zu werden am letzten Tag\u201d.\u201d<\/li>\n<\/ul>\n\n\n\n<ul style=\"color:#000000\" class=\"wp-block-list\">\n<li style=\"font-size:18px\">Es gibt nichts Besseres, als aus dem \u201cWillen des Vaters\u201d zu lernen. Der Wille des Vaters gibt Anweisungen, wie man am letzten Tag auferweckt werden kann:<\/li>\n<\/ul>\n\n\n\n<ul style=\"color:#000000\" class=\"wp-block-list\">\n<li style=\"font-size:18px\">Glauben Sie an seinen Sohn und Sie werden auferstehen. <\/li>\n<\/ul>\n\n\n\n<ul style=\"color:#000000\" class=\"wp-block-list\">\n<li style=\"font-size:18px\"><mark style=\"background-color:rgba(0, 0, 0, 0)\" class=\"has-inline-color has-black-color\"><mark style=\"background-color:rgba(0, 0, 0, 0)\" class=\"has-inline-color has-black-color\"><mark style=\"background-color:rgba(0, 0, 0, 0)\" class=\"has-inline-color has-black-color\"><mark style=\"background-color:rgba(0, 0, 0, 0)\" class=\"has-inline-color has-black-color\">Jesus best\u00e4tigt dann<\/mark><\/mark><\/mark><\/mark>\u00fcr den Willen des Vaters mit Vers 47: <mark style=\"background-color:rgba(0, 0, 0, 0)\" class=\"has-inline-color has-black-color\"><mark style=\"background-color:rgba(0, 0, 0, 0)\" class=\"has-inline-color has-black-color\"><mark style=\"background-color:rgba(0, 0, 0, 0)\" class=\"has-inline-color has-black-color\"><mark style=\"background-color:rgba(0, 0, 0, 0)\" class=\"has-inline-color has-black-color\">\u201cAmen, amen, ich sage euch, wer auch immer<strong> \"<span style=\"text-decoration: underline;\">glaubt<\/span>\"<\/strong> hat ewiges Leben.\u201d 47<\/mark><\/mark><\/mark><\/mark><\/li>\n<\/ul>\n\n\n\n<hr class=\"wp-block-separator has-text-color has-css-opacity has-background is-style-wide\" style=\"background-color:#000000;color:#000000\"\/>\n\n\n\n<p class=\"has-text-color wp-block-paragraph\" style=\"color:#000000;font-size:18px\"><strong>Viele J\u00fcnger haben nicht geglaubt <\/strong><\/p>\n\n\n\n<hr class=\"wp-block-separator has-text-color has-css-opacity has-background is-style-wide\" style=\"background-color:#000000;color:#000000\"\/>\n\n\n\n<ul style=\"color:#000000\" class=\"wp-block-list\">\n<li style=\"font-size:18px\">Ungef\u00e4hr zwei Jahre nach seinem irdischen Dienst lehrte Jesus einige sehr schwierige und beunruhigende neue Lehren, die den Glauben vieler J\u00fcnger ersch\u00fctterten.&nbsp;<\/li>\n<\/ul>\n\n\n\n<ul style=\"color:#000000\" class=\"wp-block-list\">\n<li style=\"font-size:18px\">Der Herr \u00fcberraschte seine J\u00fcnger mit neuen seltsamen Lehren, die nicht nur beunruhigend, sondern auch verboten waren, wie das Trinken von Blut. Johannes 6:50-58<\/li>\n<\/ul>\n\n\n\n<ul style=\"color:#000000\" class=\"wp-block-list\">\n<li style=\"font-size:18px\">W\u00e4hrend des Brot des Lebens Diskurses, <strong>\"<span style=\"text-decoration: underline;\">Jesus gab Anweisungen<\/span>\"<\/strong> aus seinen neuen Lehren zu folgen, wie man am letzten Tag auferweckt wird.&nbsp;<\/li>\n<\/ul>\n\n\n\n<ul style=\"color:#000000\" class=\"wp-block-list\">\n<li style=\"font-size:18px\"><mark style=\"background-color:rgba(0, 0, 0, 0)\" class=\"has-inline-color has-black-color\">An <strong>\"<span style=\"text-decoration: underline;\">glauben<\/span>\"<\/strong> bedeutet, zu akzeptieren als <strong>\"<span style=\"text-decoration: underline;\">Wahrheit<\/span>.\" <\/strong>An diese neuen, schwierigen Lehren zu glauben, bedeutet, die Anweisungen, die Befehle und die Konsequenzen, die Jesus seinen J\u00fcngern gab, als Wahrheit zu akzeptieren. <\/mark><\/li>\n<\/ul>\n\n\n\n<ul style=\"color:#000000\" class=\"wp-block-list\">\n<li style=\"font-size:18px\">Laut der Heiligen Schrift glaubten viele J\u00fcnger nicht an diese neuen Lehren und verlie\u00dfen den Herrn. 60,64,66<\/li>\n<\/ul>\n\n\n\n<ul style=\"color:#000000\" class=\"wp-block-list\">\n<li style=\"font-size:18px\"><mark style=\"background-color:rgba(0, 0, 0, 0)\" class=\"has-inline-color has-black-color\">Weitere Informationen dar\u00fcber, warum viele J\u00fcnger Jesus verlie\u00dfen, finden Sie unter dem Link auf der Homepage am Ende der Seite. <\/mark><\/li>\n<\/ul>\n\n\n\n<hr class=\"wp-block-separator has-text-color has-css-opacity has-background is-style-wide\" style=\"background-color:#000000;color:#000000\"\/>\n\n\n\n<p class=\"wp-block-paragraph\" style=\"font-size:18px\"><mark style=\"background-color:rgba(0, 0, 0, 0)\" class=\"has-inline-color has-black-color\"><strong>Manche Menschen glauben, dass Vers 65 die Interpretation unterst\u00fctzt, dass Gott der Vater die J\u00fcnger nicht zu seinem Sohn ziehen wollte  <\/strong><\/mark><\/p>\n\n\n\n<hr class=\"wp-block-separator has-text-color has-css-opacity has-background is-style-wide\" style=\"background-color:#000000;color:#000000\"\/>\n\n\n\n<ul style=\"color:#000000\" class=\"wp-block-list\">\n<li style=\"font-size:18px\"><mark style=\"background-color:rgba(0, 0, 0, 0)\" class=\"has-inline-color has-black-color\">Aus Vers 65 - Darum habe ich euch gesagt, dass niemand die <span style=\"text-decoration: underline;\">Kommen Sie zu mir<\/span> (auferweckt am letzten Tag), wenn es ihm nicht von meinem Vater gew\u00e4hrt wird.<\/mark><\/li>\n<\/ul>\n\n\n\n<ul style=\"color:#000000\" class=\"wp-block-list\">\n<li style=\"font-size:18px\"><mark style=\"background-color:rgba(0, 0, 0, 0)\" class=\"has-inline-color has-black-color\">Als Jesus sagte \"<span style=\"text-decoration: underline;\">Aus diesem Grund<\/span>\" in Vers 65, <mark style=\"background-color:rgba(0, 0, 0, 0)\" class=\"has-inline-color has-black-color\">Was ist der Grund daf\u00fcr? <\/mark><\/mark><\/li>\n<\/ul>\n\n\n\n<ul style=\"color:#000000\" class=\"wp-block-list\">\n<li style=\"font-size:18px\"><mark style=\"background-color:rgba(0, 0, 0, 0)\" class=\"has-inline-color has-black-color\">Der Grund daf\u00fcr steht in Vers 64, den Jesus sagte: <strong>\u201cAber es gibt einige unter Ihnen, die nicht glauben.\u201d <\/strong><\/mark><\/li>\n<\/ul>\n\n\n\n<ul style=\"color:#000000\" class=\"wp-block-list\">\n<li style=\"font-size:18px\">In seinem<strong> &#8220;<span style=\"text-decoration: underline;\">eigene Worte<\/span>,&#8221;<\/strong> Jesus hat den \u201cGrund\u201d definiert. Diese Verse sind miteinander verbunden:<\/li>\n<\/ul>\n\n\n\n<ul style=\"color:#000000\" class=\"wp-block-list\">\n<li style=\"font-size:18px\"><mark style=\"background-color:rgba(0, 0, 0, 0)\" class=\"has-inline-color has-black-color\">Aber es gibt einige von Ihnen, die das nicht tun <strong>\"<span style=\"text-decoration: underline;\">glauben<\/span>\"<\/strong>... \u201cDeshalb habe ich euch gesagt, dass niemand zu mir kommen kann, wenn es ihm nicht von meinem Vater gew\u00e4hrt wird.\u201d 64,65<\/mark><\/li>\n<\/ul>\n\n\n\n<ul style=\"color:#000000\" class=\"wp-block-list\">\n<li style=\"font-size:18px\">Der \u201cKommentar\u201d zu Vers 64 ist zwar wichtig, aber wenn Sie die eigenen Worte des Herrn miteinander verbinden, erhalten Sie die wahre Bedeutung dessen, was Jesus in der Rede vom Brot des Lebens lehrte.<\/li>\n<\/ul>\n\n\n\n<ul style=\"color:#000000\" class=\"wp-block-list\">\n<li style=\"font-size:18px\">Um vom Vater gew\u00e4hrt zu werden, mussten die J\u00fcnger an seinen Sohn glauben. <\/li>\n<\/ul>\n\n\n\n<hr class=\"wp-block-separator has-text-color has-css-opacity has-background is-style-wide\" style=\"background-color:#000000;color:#000000\"\/>\n\n\n\n<p class=\"has-text-align-left wp-block-paragraph\" style=\"font-size:18px\"><a href=\"https:\/\/bible.usccb.org\/bible\/john\/6\"><span style=\"text-decoration: underline;\">Die Neue Amerikanische Bibel, Revidierte Ausgabe<\/span><\/a>  <\/p>\n\n\n\n<p class=\"wp-block-paragraph\" style=\"font-size:18px\"><a href=\"http:\/\/truthcampaign.org\/de\/\"><span style=\"text-decoration: underline;\">Homepage<\/span><\/a><\/p>","protected":false},"excerpt":{"rendered":"<p>Haben die J\u00fcnger Jesus \u201cverlassen\u201d, weil Gott, der Vater, sie nicht zu seinem Sohn \u201cziehen\u201d wollte? Johannes 6:44 - \u201cNiemand kann zu mir kommen, es sei denn, dass der Vater, der mich gesandt hat, ihn zieht; und ich werde ihn auferwecken am letzten Tag.\u201d H\u00f6ren Sie zu und lernen Sie vom Vater Viele J\u00fcnger haben nicht geglaubt Einige ... <a href=\"https:\/\/truthcampaign.org\/de\/drawn\/\" class=\"more-link\">Lesen Sie weiter <span class=\"screen-reader-text\"><\/span><\/a><\/p>","protected":false},"author":176433605,"featured_media":0,"parent":0,"menu_order":0,"comment_status":"closed","ping_status":"closed","template":"","meta":{"_bbp_topic_count":0,"_bbp_reply_count":0,"_bbp_total_topic_count":0,"_bbp_total_reply_count":0,"_bbp_voice_count":0,"_bbp_anonymous_reply_count":0,"_bbp_topic_count_hidden":0,"_bbp_reply_count_hidden":0,"_bbp_forum_subforum_count":0,"_coblocks_attr":"","_coblocks_dimensions":"","_coblocks_responsive_height":"","_coblocks_accordion_ie_support":"","_crdt_document":"","jetpack_post_was_ever_published":false,"footnotes":""},"class_list":["post-1256","page","type-page","status-publish","hentry"],"yoast_head":"<!-- This site is optimized with the Yoast SEO Premium plugin v23.8 (Yoast SEO v27.3) - https:\/\/yoast.com\/product\/yoast-seo-premium-wordpress\/ -->\n<title>| Is the \u201cBread of Life\u201d a metaphor? This website proves a metaphor would have resulted in a Roman execution only and \u201cnot\u201d a sacrifice.<\/title>\n<meta name=\"description\" content=\"Is the \u201cBread of Life\u201d a metaphor? If you think so, I will prove to you a metaphor would have resulted in a Roman execution only and \u201cnot\u201d a sacrifice.\" \/>\n<meta name=\"robots\" content=\"noindex, nofollow\" \/>\n<meta property=\"og:locale\" content=\"de_DE\" \/>\n<meta property=\"og:type\" content=\"article\" \/>\n<meta property=\"og:description\" content=\"Is the \u201cBread of Life\u201d a metaphor? If you think so, I will prove to you a metaphor would have resulted in a Roman execution only and \u201cnot\u201d a sacrifice.\" \/>\n<meta property=\"og:url\" content=\"https:\/\/truthcampaign.org\/de\/drawn\/\" \/>\n<meta property=\"og:site_name\" content=\"Truth Campaign | The Truth Will Set You Free!\" \/>\n<meta property=\"article:modified_time\" content=\"2025-05-17T17:04:06+00:00\" \/>\n<meta property=\"og:image\" content=\"https:\/\/i0.wp.com\/truthcampaign.org\/wp-content\/uploads\/2024\/10\/image.png?fit=1024%2C768&ssl=1\" \/>\n\t<meta property=\"og:image:width\" content=\"1024\" \/>\n\t<meta property=\"og:image:height\" content=\"768\" \/>\n\t<meta property=\"og:image:type\" content=\"image\/png\" \/>\n<meta name=\"twitter:card\" content=\"summary_large_image\" \/>\n<meta name=\"twitter:site\" content=\"@SeekWhyTheyLeft\" \/>\n<meta name=\"twitter:label1\" content=\"Gesch\u00e4tzte Lesezeit\" \/>\n\t<meta name=\"twitter:data1\" content=\"3\u00a0Minuten\" \/>\n<script type=\"application\/ld+json\" class=\"yoast-schema-graph\">{\"@context\":\"https:\\\/\\\/schema.org\",\"@graph\":[{\"@type\":\"WebPage\",\"@id\":\"https:\\\/\\\/truthcampaign.org\\\/drawn\\\/\",\"url\":\"https:\\\/\\\/truthcampaign.org\\\/drawn\\\/\",\"name\":\"| Is the \u201cBread of Life\u201d a metaphor? This website proves a metaphor would have resulted in a Roman execution only and \u201cnot\u201d a sacrifice.\",\"isPartOf\":{\"@id\":\"https:\\\/\\\/truthcampaign.org\\\/#website\"},\"datePublished\":\"2021-05-16T20:37:08+00:00\",\"dateModified\":\"2025-05-17T17:04:06+00:00\",\"description\":\"Is the \u201cBread of Life\u201d a metaphor? If you think so, I will prove to you a metaphor would have resulted in a Roman execution only and \u201cnot\u201d a sacrifice.\",\"inLanguage\":\"de\",\"potentialAction\":[{\"@type\":\"ReadAction\",\"target\":[\"https:\\\/\\\/truthcampaign.org\\\/drawn\\\/\"]}]},{\"@type\":\"WebSite\",\"@id\":\"https:\\\/\\\/truthcampaign.org\\\/#website\",\"url\":\"https:\\\/\\\/truthcampaign.org\\\/\",\"name\":\"Truthcampaign.org\",\"description\":\"Is the \u201cBread of Life\u201d a metaphor? This website proves a metaphor would have resulted in a Roman execution only and \u201cnot\u201d a sacrifice.\",\"publisher\":{\"@id\":\"https:\\\/\\\/truthcampaign.org\\\/#organization\"},\"potentialAction\":[{\"@type\":\"SearchAction\",\"target\":{\"@type\":\"EntryPoint\",\"urlTemplate\":\"https:\\\/\\\/truthcampaign.org\\\/?s={search_term_string}\"},\"query-input\":{\"@type\":\"PropertyValueSpecification\",\"valueRequired\":true,\"valueName\":\"search_term_string\"}}],\"inLanguage\":\"de\"},{\"@type\":\"Organization\",\"@id\":\"https:\\\/\\\/truthcampaign.org\\\/#organization\",\"name\":\"truthcampaign.org\",\"url\":\"https:\\\/\\\/truthcampaign.org\\\/\",\"logo\":{\"@type\":\"ImageObject\",\"inLanguage\":\"de\",\"@id\":\"https:\\\/\\\/truthcampaign.org\\\/#\\\/schema\\\/logo\\\/image\\\/\",\"url\":\"https:\\\/\\\/i0.wp.com\\\/truthcampaign.org\\\/wp-content\\\/uploads\\\/2024\\\/10\\\/cropped-IMG_0863.jpeg?fit=580%2C580&ssl=1\",\"contentUrl\":\"https:\\\/\\\/i0.wp.com\\\/truthcampaign.org\\\/wp-content\\\/uploads\\\/2024\\\/10\\\/cropped-IMG_0863.jpeg?fit=580%2C580&ssl=1\",\"width\":580,\"height\":580,\"caption\":\"truthcampaign.org\"},\"image\":{\"@id\":\"https:\\\/\\\/truthcampaign.org\\\/#\\\/schema\\\/logo\\\/image\\\/\"},\"sameAs\":[\"https:\\\/\\\/x.com\\\/SeekWhyTheyLeft\"]}]}<\/script>\n<!-- \/ Yoast SEO Premium plugin. -->","yoast_head_json":{"title":"| Ist das \u201cBrot des Lebens\u201d eine Metapher? Diese Website beweist, dass eine Metapher nur zu einer r\u00f6mischen Hinrichtung und \u201cnicht\u201d zu einer Opferung gef\u00fchrt h\u00e4tte.","description":"Ist das \"Brot des Lebens\" eine Metapher? Wenn Sie das glauben, werde ich Ihnen beweisen, dass eine Metapher nur zu einer r\u00f6mischen Hinrichtung und \"nicht\" zu einer Opferung gef\u00fchrt h\u00e4tte.","robots":{"index":"noindex","follow":"nofollow"},"og_locale":"de_DE","og_type":"article","og_description":"Is the \u201cBread of Life\u201d a metaphor? If you think so, I will prove to you a metaphor would have resulted in a Roman execution only and \u201cnot\u201d a sacrifice.","og_url":"https:\/\/truthcampaign.org\/de\/drawn\/","og_site_name":"Truth Campaign | The Truth Will Set You Free!","article_modified_time":"2025-05-17T17:04:06+00:00","og_image":[{"width":1024,"height":768,"url":"https:\/\/i0.wp.com\/truthcampaign.org\/wp-content\/uploads\/2024\/10\/image.png?fit=1024%2C768&ssl=1","type":"image\/png"}],"twitter_card":"summary_large_image","twitter_site":"@SeekWhyTheyLeft","twitter_misc":{"Gesch\u00e4tzte Lesezeit":"3\u00a0Minuten"},"schema":{"@context":"https:\/\/schema.org","@graph":[{"@type":"WebPage","@id":"https:\/\/truthcampaign.org\/drawn\/","url":"https:\/\/truthcampaign.org\/drawn\/","name":"| Ist das \u201cBrot des Lebens\u201d eine Metapher? Diese Website beweist, dass eine Metapher nur zu einer r\u00f6mischen Hinrichtung und \u201cnicht\u201d zu einer Opferung gef\u00fchrt h\u00e4tte.","isPartOf":{"@id":"https:\/\/truthcampaign.org\/#website"},"datePublished":"2021-05-16T20:37:08+00:00","dateModified":"2025-05-17T17:04:06+00:00","description":"Ist das \"Brot des Lebens\" eine Metapher? Wenn Sie das glauben, werde ich Ihnen beweisen, dass eine Metapher nur zu einer r\u00f6mischen Hinrichtung und \"nicht\" zu einer Opferung gef\u00fchrt h\u00e4tte.","inLanguage":"de","potentialAction":[{"@type":"ReadAction","target":["https:\/\/truthcampaign.org\/drawn\/"]}]},{"@type":"WebSite","@id":"https:\/\/truthcampaign.org\/#website","url":"https:\/\/truthcampaign.org\/","name":"Wahrheits-Kampagne.org","description":"Ist das \"Brot des Lebens\" eine Metapher? Diese Website beweist, dass eine Metapher nur zu einer r\u00f6mischen Hinrichtung und \"nicht\" zu einer Opferung gef\u00fchrt h\u00e4tte.","publisher":{"@id":"https:\/\/truthcampaign.org\/#organization"},"potentialAction":[{"@type":"SearchAction","target":{"@type":"EntryPoint","urlTemplate":"https:\/\/truthcampaign.org\/?s={search_term_string}"},"query-input":{"@type":"PropertyValueSpecification","valueRequired":true,"valueName":"search_term_string"}}],"inLanguage":"de"},{"@type":"Organization","@id":"https:\/\/truthcampaign.org\/#organization","name":"truthcampaign.org","url":"https:\/\/truthcampaign.org\/","logo":{"@type":"ImageObject","inLanguage":"de","@id":"https:\/\/truthcampaign.org\/#\/schema\/logo\/image\/","url":"https:\/\/i0.wp.com\/truthcampaign.org\/wp-content\/uploads\/2024\/10\/cropped-IMG_0863.jpeg?fit=580%2C580&ssl=1","contentUrl":"https:\/\/i0.wp.com\/truthcampaign.org\/wp-content\/uploads\/2024\/10\/cropped-IMG_0863.jpeg?fit=580%2C580&ssl=1","width":580,"height":580,"caption":"truthcampaign.org"},"image":{"@id":"https:\/\/truthcampaign.org\/#\/schema\/logo\/image\/"},"sameAs":["https:\/\/x.com\/SeekWhyTheyLeft"]}]}},"jetpack_likes_enabled":true,"jetpack_sharing_enabled":true,"jetpack_shortlink":"https:\/\/wp.me\/PbvFlR-kg","_links":{"self":[{"href":"https:\/\/truthcampaign.org\/de\/wp-json\/wp\/v2\/pages\/1256","targetHints":{"allow":["GET"]}}],"collection":[{"href":"https:\/\/truthcampaign.org\/de\/wp-json\/wp\/v2\/pages"}],"about":[{"href":"https:\/\/truthcampaign.org\/de\/wp-json\/wp\/v2\/types\/page"}],"author":[{"embeddable":true,"href":"https:\/\/truthcampaign.org\/de\/wp-json\/wp\/v2\/users\/176433605"}],"replies":[{"embeddable":true,"href":"https:\/\/truthcampaign.org\/de\/wp-json\/wp\/v2\/comments?post=1256"}],"version-history":[{"count":99,"href":"https:\/\/truthcampaign.org\/de\/wp-json\/wp\/v2\/pages\/1256\/revisions"}],"predecessor-version":[{"id":23080,"href":"https:\/\/truthcampaign.org\/de\/wp-json\/wp\/v2\/pages\/1256\/revisions\/23080"}],"wp:attachment":[{"href":"https:\/\/truthcampaign.org\/de\/wp-json\/wp\/v2\/media?parent=1256"}],"curies":[{"name":"wp","href":"https:\/\/api.w.org\/{rel}","templated":true}]}}