{"id":1256,"date":"2021-05-16T13:37:08","date_gmt":"2021-05-16T20:37:08","guid":{"rendered":"https:\/\/truthcampaign.org\/?page_id=1256"},"modified":"2025-05-17T10:04:06","modified_gmt":"2025-05-17T17:04:06","slug":"drawn","status":"publish","type":"page","link":"https:\/\/truthcampaign.org\/fi\/drawn\/","title":{"rendered":""},"content":{"rendered":"<p class=\"has-text-color wp-block-paragraph\" style=\"color:#000000;font-size:18px\"><strong>Opetuslapset \u201c<span style=\"text-decoration: underline;\">j\u00e4t\u00e4<\/span>\u201d Jeesus, koska Is\u00e4 Jumala p\u00e4\u00e4tti olla<mark style=\"background-color:rgba(0, 0, 0, 0)\" class=\"has-inline-color has-black-color\"> \"<span style=\"text-decoration: underline;\">piirt\u00e4\u00e4<\/span><\/mark>\u201d heit\u00e4 Poikansa luokse? <\/strong><\/p>\n\n\n\n<hr class=\"wp-block-separator has-text-color has-css-opacity has-background is-style-wide\" style=\"background-color:#000000;color:#000000\"\/>\n\n\n\n<p class=\"wp-block-paragraph\" style=\"font-size:18px\"><mark style=\"background-color:rgba(0, 0, 0, 0)\" class=\"has-inline-color has-black-color\"><strong>Johannes 6:44<\/strong> - \"Kukaan ei voi <span style=\"text-decoration: underline;\">tule luokseni<\/span> ellei Is\u00e4, joka l\u00e4hetti minut <span style=\"text-decoration: underline;\">piirt\u00e4\u00e4<\/span> h\u00e4net, ja min\u00e4 her\u00e4t\u00e4n h\u00e4net viimeisen\u00e4 p\u00e4iv\u00e4n\u00e4.\u201d <\/mark><\/p>\n\n\n\n<ul style=\"color:#000000\" class=\"wp-block-list\">\n<li style=\"font-size:18px\"><mark style=\"background-color:rgba(0, 0, 0, 0)\" class=\"has-inline-color has-black-color\">Jotkut uskovat, ett\u00e4 Is\u00e4 p\u00e4\u00e4tti olla vet\u00e4m\u00e4tt\u00e4 n\u00e4it\u00e4 opetuslapsia Poikansa luo. <\/mark><\/li>\n<\/ul>\n\n\n\n<ul style=\"color:#000000\" class=\"wp-block-list\">\n<li style=\"font-size:18px\"><mark style=\"background-color:rgba(0, 0, 0, 0)\" class=\"has-inline-color has-black-color\">He uskovat, ett\u00e4 t\u00e4m\u00e4 oli syy siihen, ett\u00e4 monet opetuslapset j\u00e4ttiv\u00e4t Jeesuksen eiv\u00e4tk\u00e4 en\u00e4\u00e4 seuranneet h\u00e4nt\u00e4. 66<\/mark><\/li>\n<\/ul>\n\n\n\n<ul style=\"color:#000000\" class=\"wp-block-list\">\n<li style=\"font-size:18px\"><mark style=\"background-color:rgba(0, 0, 0, 0)\" class=\"has-inline-color has-black-color\">Jeesus m\u00e4\u00e4ritteli \"<span style=\"text-decoration: underline;\">piirt\u00e4\u00e4<\/span>\u201d heti seuraavassa jakeessa... <\/mark><\/li>\n<\/ul>\n\n\n\n<ul style=\"color:#000000\" class=\"wp-block-list\">\n<li style=\"font-size:18px\">Jokainen, joka<strong> \"<span style=\"text-decoration: underline;\">kuuntelee<\/span>\" <\/strong>Is\u00e4lleni ja <strong>\"<span style=\"text-decoration: underline;\">oppii<\/span>\"<\/strong> h\u00e4nelt\u00e4<strong> \"<span style=\"text-decoration: underline;\">tulee luokseni<\/span>.\" <\/strong>45<\/li>\n<\/ul>\n\n\n\n<hr class=\"wp-block-separator has-text-color has-css-opacity has-background is-style-wide\" style=\"background-color:#000000;color:#000000\"\/>\n\n\n\n<p class=\"wp-block-paragraph\" style=\"font-size:18px\"><mark style=\"background-color:rgba(0, 0, 0, 0)\" class=\"has-inline-color has-black-color\"><strong>Kuuntele ja opi Is\u00e4lt\u00e4<\/strong><\/mark><\/p>\n\n\n\n<hr class=\"wp-block-separator has-text-color has-css-opacity has-background is-style-wide\" style=\"background-color:#000000;color:#000000\"\/>\n\n\n\n<ul style=\"color:#000000\" class=\"wp-block-list\">\n<li style=\"font-size:18px\">Opetuslasten oli kuunneltava Is\u00e4\u00e4 ja opittava h\u00e4nelt\u00e4, jotta heid\u00e4t voitaisiin vet\u00e4\u00e4 puoleensa. <\/li>\n<\/ul>\n\n\n\n<ul style=\"color:#000000\" class=\"wp-block-list\">\n<li style=\"font-size:18px\">Huomaatko, kuinka Jeesus tarkoituksella selitti <strong>&#8220;<span style=\"text-decoration: underline;\">Is\u00e4n tahto<\/span>\"<\/strong> juuri ennen jaetta 44?<\/li>\n<\/ul>\n\n\n\n<ul style=\"color:#000000\" class=\"wp-block-list\">\n<li style=\"font-size:18px\">\u201cSill\u00e4 t\u00e4m\u00e4 on minun Is\u00e4ni tahto, ett\u00e4 jokainen, joka n\u00e4kee Pojan ja <strong>\"<span style=\"text-decoration: underline;\">uskoo<\/span>\"<\/strong> h\u00e4ness\u00e4 on iankaikkinen el\u00e4m\u00e4, ja min\u00e4 her\u00e4t\u00e4n h\u00e4net viimeisen\u00e4 p\u00e4iv\u00e4n\u00e4.\u201d 40<\/li>\n<\/ul>\n\n\n\n<ul style=\"color:#000000\" class=\"wp-block-list\">\n<li style=\"font-size:18px\">Jos juutalaiset eiv\u00e4t olisi keskeytt\u00e4neet Herraa valittamalla (41-43), jakeet 40 ja 44 olisivat \u201cper\u00e4kk\u00e4in\u201d ja k\u00e4sittelisiv\u00e4t samaa aihetta, joka on \u201cher\u00e4tt\u00e4minen viimeisen\u00e4 p\u00e4iv\u00e4n\u00e4\u201d.\u201d<\/li>\n<\/ul>\n\n\n\n<ul style=\"color:#000000\" class=\"wp-block-list\">\n<li style=\"font-size:18px\">Ei ole mit\u00e4\u00e4n parempaa oppia kuin \u201cIs\u00e4n tahto\u201d. Is\u00e4n tahto antaa ohjeet siit\u00e4, miten meid\u00e4t her\u00e4tet\u00e4\u00e4n henkiin viimeisen\u00e4 p\u00e4iv\u00e4n\u00e4:<\/li>\n<\/ul>\n\n\n\n<ul style=\"color:#000000\" class=\"wp-block-list\">\n<li style=\"font-size:18px\">Usko h\u00e4nen Poikaansa, niin sinut her\u00e4tet\u00e4\u00e4n. <\/li>\n<\/ul>\n\n\n\n<ul style=\"color:#000000\" class=\"wp-block-list\">\n<li style=\"font-size:18px\"><mark style=\"background-color:rgba(0, 0, 0, 0)\" class=\"has-inline-color has-black-color\"><mark style=\"background-color:rgba(0, 0, 0, 0)\" class=\"has-inline-color has-black-color\"><mark style=\"background-color:rgba(0, 0, 0, 0)\" class=\"has-inline-color has-black-color\"><mark style=\"background-color:rgba(0, 0, 0, 0)\" class=\"has-inline-color has-black-color\">Jeesus sitten vahvistaa<\/mark><\/mark><\/mark><\/mark>jae 47:ll\u00e4 Is\u00e4n tahtoa: <mark style=\"background-color:rgba(0, 0, 0, 0)\" class=\"has-inline-color has-black-color\"><mark style=\"background-color:rgba(0, 0, 0, 0)\" class=\"has-inline-color has-black-color\"><mark style=\"background-color:rgba(0, 0, 0, 0)\" class=\"has-inline-color has-black-color\"><mark style=\"background-color:rgba(0, 0, 0, 0)\" class=\"has-inline-color has-black-color\">\u201cAamen, amen, min\u00e4 sanon teille, kuka tahansa, joka<strong> \"<span style=\"text-decoration: underline;\">uskoo<\/span>\"<\/strong> on iankaikkinen el\u00e4m\u00e4.\u201d 47<\/mark><\/mark><\/mark><\/mark><\/li>\n<\/ul>\n\n\n\n<hr class=\"wp-block-separator has-text-color has-css-opacity has-background is-style-wide\" style=\"background-color:#000000;color:#000000\"\/>\n\n\n\n<p class=\"has-text-color wp-block-paragraph\" style=\"color:#000000;font-size:18px\"><strong>Monet opetuslapset eiv\u00e4t uskoneet <\/strong><\/p>\n\n\n\n<hr class=\"wp-block-separator has-text-color has-css-opacity has-background is-style-wide\" style=\"background-color:#000000;color:#000000\"\/>\n\n\n\n<ul style=\"color:#000000\" class=\"wp-block-list\">\n<li style=\"font-size:18px\">Noin kaksi vuotta maanp\u00e4\u00e4llisen palveluty\u00f6ns\u00e4 j\u00e4lkeen Jeesus opetti joitakin hyvin vaikeita ja huolestuttavia uusia opetuksia, jotka horjuttivat monien opetuslasten uskoa.&nbsp;<\/li>\n<\/ul>\n\n\n\n<ul style=\"color:#000000\" class=\"wp-block-list\">\n<li style=\"font-size:18px\">Herra yll\u00e4tti opetuslapsensa uusilla oudoilla opetuksilla, jotka eiv\u00e4t olleet vain h\u00e4iritsevi\u00e4 vaan my\u00f6s kiellettyj\u00e4, kuten veren juominen. Joh. 6:50-58<\/li>\n<\/ul>\n\n\n\n<ul style=\"color:#000000\" class=\"wp-block-list\">\n<li style=\"font-size:18px\">El\u00e4m\u00e4n leip\u00e4 -puheen aikana, <strong>\"<span style=\"text-decoration: underline;\">Jeesus antoi ohjeita<\/span>\"<\/strong> h\u00e4nen uusista opetuksistaan seurata, kuinka tulla her\u00e4tetyksi viimeisen\u00e4 p\u00e4iv\u00e4n\u00e4.&nbsp;<\/li>\n<\/ul>\n\n\n\n<ul style=\"color:#000000\" class=\"wp-block-list\">\n<li style=\"font-size:18px\"><mark style=\"background-color:rgba(0, 0, 0, 0)\" class=\"has-inline-color has-black-color\">Osoitteeseen <strong>\"<span style=\"text-decoration: underline;\">usko<\/span>\"<\/strong> tarkoittaa, ett\u00e4 hyv\u00e4ksyt\u00e4\u00e4n <strong>\"<span style=\"text-decoration: underline;\">totuus<\/span>.\" <\/strong>Uskominen n\u00e4ihin uusiin vaikeisiin opetuksiin tarkoittaa, ett\u00e4 hyv\u00e4ksyt\u00e4\u00e4n Jeesuksen opetuslapsilleen antamat ohjeet, k\u00e4skyt ja seuraukset totuutena. <\/mark><\/li>\n<\/ul>\n\n\n\n<ul style=\"color:#000000\" class=\"wp-block-list\">\n<li style=\"font-size:18px\">Pyh\u00e4n kirjoituksen mukaan monet opetuslapset eiv\u00e4t uskoneet n\u00e4ihin uusiin opetuksiin ja hylk\u00e4siv\u00e4t Herran. 60,64,66<\/li>\n<\/ul>\n\n\n\n<ul style=\"color:#000000\" class=\"wp-block-list\">\n<li style=\"font-size:18px\"><mark style=\"background-color:rgba(0, 0, 0, 0)\" class=\"has-inline-color has-black-color\">Lis\u00e4tietoja siit\u00e4, miksi monet opetuslapset j\u00e4ttiv\u00e4t Jeesuksen, on alareunan kotisivulinkiss\u00e4. <\/mark><\/li>\n<\/ul>\n\n\n\n<hr class=\"wp-block-separator has-text-color has-css-opacity has-background is-style-wide\" style=\"background-color:#000000;color:#000000\"\/>\n\n\n\n<p class=\"wp-block-paragraph\" style=\"font-size:18px\"><mark style=\"background-color:rgba(0, 0, 0, 0)\" class=\"has-inline-color has-black-color\"><strong>Jotkut uskovat jakeen 65 tukevan tulkintaa, jonka mukaan Is\u00e4 Jumala p\u00e4\u00e4tti olla vet\u00e4m\u00e4tt\u00e4 opetuslapsia Poikansa luo.  <\/strong><\/mark><\/p>\n\n\n\n<hr class=\"wp-block-separator has-text-color has-css-opacity has-background is-style-wide\" style=\"background-color:#000000;color:#000000\"\/>\n\n\n\n<ul style=\"color:#000000\" class=\"wp-block-list\">\n<li style=\"font-size:18px\"><mark style=\"background-color:rgba(0, 0, 0, 0)\" class=\"has-inline-color has-black-color\">Jakeesta 65 - T\u00e4st\u00e4 syyst\u00e4 olen sanonut teille, ett\u00e4 kukaan ei voi <span style=\"text-decoration: underline;\">tule luokseni<\/span> (joka her\u00e4tet\u00e4\u00e4n viimeisen\u00e4 p\u00e4iv\u00e4n\u00e4), ellei Is\u00e4ni ole sit\u00e4 h\u00e4nelle suonut.<\/mark><\/li>\n<\/ul>\n\n\n\n<ul style=\"color:#000000\" class=\"wp-block-list\">\n<li style=\"font-size:18px\"><mark style=\"background-color:rgba(0, 0, 0, 0)\" class=\"has-inline-color has-black-color\">Kun Jeesus sanoi \"<span style=\"text-decoration: underline;\">t\u00e4st\u00e4 syyst\u00e4<\/span>\" jakeessa 65, <mark style=\"background-color:rgba(0, 0, 0, 0)\" class=\"has-inline-color has-black-color\">Mik\u00e4 on syy? <\/mark><\/mark><\/li>\n<\/ul>\n\n\n\n<ul style=\"color:#000000\" class=\"wp-block-list\">\n<li style=\"font-size:18px\"><mark style=\"background-color:rgba(0, 0, 0, 0)\" class=\"has-inline-color has-black-color\">Syy on jakeessa 64, jonka Jeesus sanoi: <strong>\u201cMutta teist\u00e4 on joitakin, jotka eiv\u00e4t usko.\u201d <\/strong><\/mark><\/li>\n<\/ul>\n\n\n\n<ul style=\"color:#000000\" class=\"wp-block-list\">\n<li style=\"font-size:18px\">H\u00e4nen<strong> &#8220;<span style=\"text-decoration: underline;\">omin sanoin<\/span>,&#8221;<\/strong> Jeesus m\u00e4\u00e4ritteli \u201csyyn\u201d. N\u00e4m\u00e4 jakeet liittyv\u00e4t toisiinsa:<\/li>\n<\/ul>\n\n\n\n<ul style=\"color:#000000\" class=\"wp-block-list\">\n<li style=\"font-size:18px\"><mark style=\"background-color:rgba(0, 0, 0, 0)\" class=\"has-inline-color has-black-color\">Mutta on joitakin teist\u00e4, jotka eiv\u00e4t <strong>\"<span style=\"text-decoration: underline;\">usko<\/span>\"<\/strong>... \u201cSen t\u00e4hden min\u00e4 olen sanonut teille, ettei kukaan voi tulla minun luokseni, ellei Is\u00e4ni sit\u00e4 h\u00e4nelle suo.\u201d 64,65<\/mark><\/li>\n<\/ul>\n\n\n\n<ul style=\"color:#000000\" class=\"wp-block-list\">\n<li style=\"font-size:18px\">Vaikka jakeen 64 \u201ckommentti\u201d on t\u00e4rke\u00e4, Herran omien sanojen yhdist\u00e4minen toisiinsa antaa sinulle todellisen merkityksen siit\u00e4, mit\u00e4 Jeesus opetti El\u00e4m\u00e4n leip\u00e4 -puheessa.<\/li>\n<\/ul>\n\n\n\n<ul style=\"color:#000000\" class=\"wp-block-list\">\n<li style=\"font-size:18px\">Jotta Is\u00e4 olisi voinut my\u00f6nt\u00e4\u00e4 sen, opetuslasten oli uskottava h\u00e4nen Poikaansa. <\/li>\n<\/ul>\n\n\n\n<hr class=\"wp-block-separator has-text-color has-css-opacity has-background is-style-wide\" style=\"background-color:#000000;color:#000000\"\/>\n\n\n\n<p class=\"has-text-align-left wp-block-paragraph\" style=\"font-size:18px\"><a href=\"https:\/\/bible.usccb.org\/bible\/john\/6\"><span style=\"text-decoration: underline;\">Uusi amerikkalainen Raamattu, uudistettu painos<\/span><\/a>  <\/p>\n\n\n\n<p class=\"wp-block-paragraph\" style=\"font-size:18px\"><a href=\"http:\/\/truthcampaign.org\/fi\/\"><span style=\"text-decoration: underline;\">Kotisivu<\/span><\/a><\/p>","protected":false},"excerpt":{"rendered":"<p>J\u00e4ttiv\u00e4tk\u00f6 opetuslapset Jeesuksen, koska Is\u00e4 Jumala p\u00e4\u00e4tti olla \u201cvet\u00e4m\u00e4tt\u00e4\u201d heit\u00e4 Poikansa luo? Joh. 6:44 - \u201cKukaan ei voi tulla minun tyk\u00f6ni, ellei Is\u00e4, joka on minut l\u00e4hett\u00e4nyt, ved\u00e4 h\u00e4nt\u00e4 puoleensa, ja min\u00e4 her\u00e4t\u00e4n h\u00e4net viimeisen\u00e4 p\u00e4iv\u00e4n\u00e4.\u201d Kuuntele ja opi Is\u00e4lt\u00e4 Monet opetuslapset eiv\u00e4t uskoneet Jotkut ... <a href=\"https:\/\/truthcampaign.org\/fi\/drawn\/\" class=\"more-link\">Jatka lukemista <span class=\"screen-reader-text\"><\/span><\/a><\/p>","protected":false},"author":176433605,"featured_media":0,"parent":0,"menu_order":0,"comment_status":"closed","ping_status":"closed","template":"","meta":{"_bbp_topic_count":0,"_bbp_reply_count":0,"_bbp_total_topic_count":0,"_bbp_total_reply_count":0,"_bbp_voice_count":0,"_bbp_anonymous_reply_count":0,"_bbp_topic_count_hidden":0,"_bbp_reply_count_hidden":0,"_bbp_forum_subforum_count":0,"_coblocks_attr":"","_coblocks_dimensions":"","_coblocks_responsive_height":"","_coblocks_accordion_ie_support":"","_crdt_document":"","jetpack_post_was_ever_published":false,"footnotes":""},"class_list":["post-1256","page","type-page","status-publish","hentry"],"yoast_head":"<!-- This site is optimized with the Yoast SEO Premium plugin v23.8 (Yoast SEO v27.3) - https:\/\/yoast.com\/product\/yoast-seo-premium-wordpress\/ -->\n<title>| Is the \u201cBread of Life\u201d a metaphor? This website proves a metaphor would have resulted in a Roman execution only and \u201cnot\u201d a sacrifice.<\/title>\n<meta name=\"description\" content=\"Is the \u201cBread of Life\u201d a metaphor? If you think so, I will prove to you a metaphor would have resulted in a Roman execution only and \u201cnot\u201d a sacrifice.\" \/>\n<meta name=\"robots\" content=\"noindex, nofollow\" \/>\n<meta property=\"og:locale\" content=\"fi_FI\" \/>\n<meta property=\"og:type\" content=\"article\" \/>\n<meta property=\"og:description\" content=\"Is the \u201cBread of Life\u201d a metaphor? If you think so, I will prove to you a metaphor would have resulted in a Roman execution only and \u201cnot\u201d a sacrifice.\" \/>\n<meta property=\"og:url\" content=\"https:\/\/truthcampaign.org\/fi\/drawn\/\" \/>\n<meta property=\"og:site_name\" content=\"Truth Campaign | The Truth Will Set You Free!\" \/>\n<meta property=\"article:modified_time\" content=\"2025-05-17T17:04:06+00:00\" \/>\n<meta property=\"og:image\" content=\"https:\/\/i0.wp.com\/truthcampaign.org\/wp-content\/uploads\/2024\/10\/image.png?fit=1024%2C768&ssl=1\" \/>\n\t<meta property=\"og:image:width\" content=\"1024\" \/>\n\t<meta property=\"og:image:height\" content=\"768\" \/>\n\t<meta property=\"og:image:type\" content=\"image\/png\" \/>\n<meta name=\"twitter:card\" content=\"summary_large_image\" \/>\n<meta name=\"twitter:site\" content=\"@SeekWhyTheyLeft\" \/>\n<meta name=\"twitter:label1\" content=\"Arvioitu lukuaika\" \/>\n\t<meta name=\"twitter:data1\" content=\"3 minuuttia\" \/>\n<script type=\"application\/ld+json\" class=\"yoast-schema-graph\">{\"@context\":\"https:\\\/\\\/schema.org\",\"@graph\":[{\"@type\":\"WebPage\",\"@id\":\"https:\\\/\\\/truthcampaign.org\\\/drawn\\\/\",\"url\":\"https:\\\/\\\/truthcampaign.org\\\/drawn\\\/\",\"name\":\"| Is the \u201cBread of Life\u201d a metaphor? This website proves a metaphor would have resulted in a Roman execution only and \u201cnot\u201d a sacrifice.\",\"isPartOf\":{\"@id\":\"https:\\\/\\\/truthcampaign.org\\\/#website\"},\"datePublished\":\"2021-05-16T20:37:08+00:00\",\"dateModified\":\"2025-05-17T17:04:06+00:00\",\"description\":\"Is the \u201cBread of Life\u201d a metaphor? If you think so, I will prove to you a metaphor would have resulted in a Roman execution only and \u201cnot\u201d a sacrifice.\",\"inLanguage\":\"fi\",\"potentialAction\":[{\"@type\":\"ReadAction\",\"target\":[\"https:\\\/\\\/truthcampaign.org\\\/drawn\\\/\"]}]},{\"@type\":\"WebSite\",\"@id\":\"https:\\\/\\\/truthcampaign.org\\\/#website\",\"url\":\"https:\\\/\\\/truthcampaign.org\\\/\",\"name\":\"Truthcampaign.org\",\"description\":\"Is the \u201cBread of Life\u201d a metaphor? This website proves a metaphor would have resulted in a Roman execution only and \u201cnot\u201d a sacrifice.\",\"publisher\":{\"@id\":\"https:\\\/\\\/truthcampaign.org\\\/#organization\"},\"potentialAction\":[{\"@type\":\"SearchAction\",\"target\":{\"@type\":\"EntryPoint\",\"urlTemplate\":\"https:\\\/\\\/truthcampaign.org\\\/?s={search_term_string}\"},\"query-input\":{\"@type\":\"PropertyValueSpecification\",\"valueRequired\":true,\"valueName\":\"search_term_string\"}}],\"inLanguage\":\"fi\"},{\"@type\":\"Organization\",\"@id\":\"https:\\\/\\\/truthcampaign.org\\\/#organization\",\"name\":\"truthcampaign.org\",\"url\":\"https:\\\/\\\/truthcampaign.org\\\/\",\"logo\":{\"@type\":\"ImageObject\",\"inLanguage\":\"fi\",\"@id\":\"https:\\\/\\\/truthcampaign.org\\\/#\\\/schema\\\/logo\\\/image\\\/\",\"url\":\"https:\\\/\\\/i0.wp.com\\\/truthcampaign.org\\\/wp-content\\\/uploads\\\/2024\\\/10\\\/cropped-IMG_0863.jpeg?fit=580%2C580&ssl=1\",\"contentUrl\":\"https:\\\/\\\/i0.wp.com\\\/truthcampaign.org\\\/wp-content\\\/uploads\\\/2024\\\/10\\\/cropped-IMG_0863.jpeg?fit=580%2C580&ssl=1\",\"width\":580,\"height\":580,\"caption\":\"truthcampaign.org\"},\"image\":{\"@id\":\"https:\\\/\\\/truthcampaign.org\\\/#\\\/schema\\\/logo\\\/image\\\/\"},\"sameAs\":[\"https:\\\/\\\/x.com\\\/SeekWhyTheyLeft\"]}]}<\/script>\n<!-- \/ Yoast SEO Premium plugin. -->","yoast_head_json":{"title":"| Onko \u201cel\u00e4m\u00e4n leip\u00e4\u201d metafora? T\u00e4m\u00e4 verkkosivusto todistaa, ett\u00e4 metafora olisi johtanut vain roomalaisten teloitukseen eik\u00e4 \u201cei\u201d uhriin.","description":"Onko \"el\u00e4m\u00e4n leip\u00e4\" metafora? Jos olet sit\u00e4 mielt\u00e4, todistan sinulle, ett\u00e4 metafora olisi johtanut vain roomalaisten teloitukseen eik\u00e4 \"ei\" uhriin.","robots":{"index":"noindex","follow":"nofollow"},"og_locale":"fi_FI","og_type":"article","og_description":"Is the \u201cBread of Life\u201d a metaphor? If you think so, I will prove to you a metaphor would have resulted in a Roman execution only and \u201cnot\u201d a sacrifice.","og_url":"https:\/\/truthcampaign.org\/fi\/drawn\/","og_site_name":"Truth Campaign | The Truth Will Set You Free!","article_modified_time":"2025-05-17T17:04:06+00:00","og_image":[{"width":1024,"height":768,"url":"https:\/\/i0.wp.com\/truthcampaign.org\/wp-content\/uploads\/2024\/10\/image.png?fit=1024%2C768&ssl=1","type":"image\/png"}],"twitter_card":"summary_large_image","twitter_site":"@SeekWhyTheyLeft","twitter_misc":{"Arvioitu lukuaika":"3 minuuttia"},"schema":{"@context":"https:\/\/schema.org","@graph":[{"@type":"WebPage","@id":"https:\/\/truthcampaign.org\/drawn\/","url":"https:\/\/truthcampaign.org\/drawn\/","name":"| Onko \u201cel\u00e4m\u00e4n leip\u00e4\u201d metafora? T\u00e4m\u00e4 verkkosivusto todistaa, ett\u00e4 metafora olisi johtanut vain roomalaisten teloitukseen eik\u00e4 \u201cei\u201d uhriin.","isPartOf":{"@id":"https:\/\/truthcampaign.org\/#website"},"datePublished":"2021-05-16T20:37:08+00:00","dateModified":"2025-05-17T17:04:06+00:00","description":"Onko \"el\u00e4m\u00e4n leip\u00e4\" metafora? Jos olet sit\u00e4 mielt\u00e4, todistan sinulle, ett\u00e4 metafora olisi johtanut vain roomalaisten teloitukseen eik\u00e4 \"ei\" uhriin.","inLanguage":"fi","potentialAction":[{"@type":"ReadAction","target":["https:\/\/truthcampaign.org\/drawn\/"]}]},{"@type":"WebSite","@id":"https:\/\/truthcampaign.org\/#website","url":"https:\/\/truthcampaign.org\/","name":"Truthcampaign.org","description":"Onko \"el\u00e4m\u00e4n leip\u00e4\" metafora? T\u00e4m\u00e4 verkkosivusto todistaa, ett\u00e4 metafora olisi johtanut vain roomalaisten teloitukseen eik\u00e4 \"ei\" uhriin.","publisher":{"@id":"https:\/\/truthcampaign.org\/#organization"},"potentialAction":[{"@type":"SearchAction","target":{"@type":"EntryPoint","urlTemplate":"https:\/\/truthcampaign.org\/?s={search_term_string}"},"query-input":{"@type":"PropertyValueSpecification","valueRequired":true,"valueName":"search_term_string"}}],"inLanguage":"fi"},{"@type":"Organization","@id":"https:\/\/truthcampaign.org\/#organization","name":"truthcampaign.org","url":"https:\/\/truthcampaign.org\/","logo":{"@type":"ImageObject","inLanguage":"fi","@id":"https:\/\/truthcampaign.org\/#\/schema\/logo\/image\/","url":"https:\/\/i0.wp.com\/truthcampaign.org\/wp-content\/uploads\/2024\/10\/cropped-IMG_0863.jpeg?fit=580%2C580&ssl=1","contentUrl":"https:\/\/i0.wp.com\/truthcampaign.org\/wp-content\/uploads\/2024\/10\/cropped-IMG_0863.jpeg?fit=580%2C580&ssl=1","width":580,"height":580,"caption":"truthcampaign.org"},"image":{"@id":"https:\/\/truthcampaign.org\/#\/schema\/logo\/image\/"},"sameAs":["https:\/\/x.com\/SeekWhyTheyLeft"]}]}},"jetpack_likes_enabled":true,"jetpack_sharing_enabled":true,"jetpack_shortlink":"https:\/\/wp.me\/PbvFlR-kg","_links":{"self":[{"href":"https:\/\/truthcampaign.org\/fi\/wp-json\/wp\/v2\/pages\/1256","targetHints":{"allow":["GET"]}}],"collection":[{"href":"https:\/\/truthcampaign.org\/fi\/wp-json\/wp\/v2\/pages"}],"about":[{"href":"https:\/\/truthcampaign.org\/fi\/wp-json\/wp\/v2\/types\/page"}],"author":[{"embeddable":true,"href":"https:\/\/truthcampaign.org\/fi\/wp-json\/wp\/v2\/users\/176433605"}],"replies":[{"embeddable":true,"href":"https:\/\/truthcampaign.org\/fi\/wp-json\/wp\/v2\/comments?post=1256"}],"version-history":[{"count":99,"href":"https:\/\/truthcampaign.org\/fi\/wp-json\/wp\/v2\/pages\/1256\/revisions"}],"predecessor-version":[{"id":23080,"href":"https:\/\/truthcampaign.org\/fi\/wp-json\/wp\/v2\/pages\/1256\/revisions\/23080"}],"wp:attachment":[{"href":"https:\/\/truthcampaign.org\/fi\/wp-json\/wp\/v2\/media?parent=1256"}],"curies":[{"name":"wp","href":"https:\/\/api.w.org\/{rel}","templated":true}]}}