{"id":1256,"date":"2021-05-16T13:37:08","date_gmt":"2021-05-16T20:37:08","guid":{"rendered":"https:\/\/truthcampaign.org\/?page_id=1256"},"modified":"2025-05-17T10:04:06","modified_gmt":"2025-05-17T17:04:06","slug":"drawn","status":"publish","type":"page","link":"https:\/\/truthcampaign.org\/pt_br\/drawn\/","title":{"rendered":""},"content":{"rendered":"<p class=\"has-text-color wp-block-paragraph\" style=\"color:#000000;font-size:18px\"><strong>Os disc\u00edpulos \u201c<span style=\"text-decoration: underline;\">sair<\/span>\u201d Jesus porque Deus, o Pai, escolheu n\u00e3o<mark style=\"background-color:rgba(0, 0, 0, 0)\" class=\"has-inline-color has-black-color\"> \"<span style=\"text-decoration: underline;\">sorteio<\/span><\/mark>\u201d para seu Filho? <\/strong><\/p>\n\n\n\n<hr class=\"wp-block-separator has-text-color has-css-opacity has-background is-style-wide\" style=\"background-color:#000000;color:#000000\"\/>\n\n\n\n<p class=\"wp-block-paragraph\" style=\"font-size:18px\"><mark style=\"background-color:rgba(0, 0, 0, 0)\" class=\"has-inline-color has-black-color\"><strong>Jo\u00e3o 6,44<\/strong> - \"Ningu\u00e9m pode <span style=\"text-decoration: underline;\">venha at\u00e9 mim<\/span> a menos que o Pai que me enviou <span style=\"text-decoration: underline;\">sorteio<\/span> e eu o ressuscitarei no \u00faltimo dia\u201d.\u201d <\/mark><\/p>\n\n\n\n<ul style=\"color:#000000\" class=\"wp-block-list\">\n<li style=\"font-size:18px\"><mark style=\"background-color:rgba(0, 0, 0, 0)\" class=\"has-inline-color has-black-color\">Algumas pessoas acreditam que o Pai optou por n\u00e3o atrair esses disc\u00edpulos para seu Filho. <\/mark><\/li>\n<\/ul>\n\n\n\n<ul style=\"color:#000000\" class=\"wp-block-list\">\n<li style=\"font-size:18px\"><mark style=\"background-color:rgba(0, 0, 0, 0)\" class=\"has-inline-color has-black-color\">Eles acreditam que essa foi a raz\u00e3o pela qual muitos disc\u00edpulos deixaram Jesus e n\u00e3o o acompanharam mais. 66<\/mark><\/li>\n<\/ul>\n\n\n\n<ul style=\"color:#000000\" class=\"wp-block-list\">\n<li style=\"font-size:18px\"><mark style=\"background-color:rgba(0, 0, 0, 0)\" class=\"has-inline-color has-black-color\">Jesus definiu \"<span style=\"text-decoration: underline;\">sorteio<\/span>\u201d no vers\u00edculo seguinte... <\/mark><\/li>\n<\/ul>\n\n\n\n<ul style=\"color:#000000\" class=\"wp-block-list\">\n<li style=\"font-size:18px\">Todos que<strong> \"<span style=\"text-decoration: underline;\">ouve<\/span>\" <\/strong>a meu Pai e <strong>\"<span style=\"text-decoration: underline;\">aprende<\/span>\"<\/strong> dele<strong> \"<span style=\"text-decoration: underline;\">vem at\u00e9 mim<\/span>.\" <\/strong>45<\/li>\n<\/ul>\n\n\n\n<hr class=\"wp-block-separator has-text-color has-css-opacity has-background is-style-wide\" style=\"background-color:#000000;color:#000000\"\/>\n\n\n\n<p class=\"wp-block-paragraph\" style=\"font-size:18px\"><mark style=\"background-color:rgba(0, 0, 0, 0)\" class=\"has-inline-color has-black-color\"><strong>Ouvir e aprender do Pai<\/strong><\/mark><\/p>\n\n\n\n<hr class=\"wp-block-separator has-text-color has-css-opacity has-background is-style-wide\" style=\"background-color:#000000;color:#000000\"\/>\n\n\n\n<ul style=\"color:#000000\" class=\"wp-block-list\">\n<li style=\"font-size:18px\">Para serem atra\u00eddos, os disc\u00edpulos tiveram que ouvir e aprender com o Pai. <\/li>\n<\/ul>\n\n\n\n<ul style=\"color:#000000\" class=\"wp-block-list\">\n<li style=\"font-size:18px\">O senhor notou como Jesus explicou propositalmente a <strong>&#8220;<span style=\"text-decoration: underline;\">A vontade do pai<\/span>\"<\/strong> logo antes do vers\u00edculo 44?<\/li>\n<\/ul>\n\n\n\n<ul style=\"color:#000000\" class=\"wp-block-list\">\n<li style=\"font-size:18px\">\u201cPorque a vontade de meu Pai \u00e9 esta: que todo aquele que v\u00ea o Filho e o <strong>\"<span style=\"text-decoration: underline;\">acredita<\/span>\"<\/strong> O senhor sabe que o que est\u00e1 nele pode ter vida eterna, e eu o ressuscitarei no \u00faltimo dia. 40<\/li>\n<\/ul>\n\n\n\n<ul style=\"color:#000000\" class=\"wp-block-list\">\n<li style=\"font-size:18px\">Se os judeus n\u00e3o interrompessem o Senhor reclamando (41-43), os vers\u00edculos 40 e 44 estariam \u201cde costas\u201d cobrindo o mesmo t\u00f3pico de ser \u201cressuscitado no \u00faltimo dia\u201d.\u201d<\/li>\n<\/ul>\n\n\n\n<ul style=\"color:#000000\" class=\"wp-block-list\">\n<li style=\"font-size:18px\">N\u00e3o h\u00e1 nada melhor para aprender do que a \u201cvontade do Pai\u201d. A vontade do Pai d\u00e1 instru\u00e7\u00f5es sobre como ser ressuscitado no \u00faltimo dia:<\/li>\n<\/ul>\n\n\n\n<ul style=\"color:#000000\" class=\"wp-block-list\">\n<li style=\"font-size:18px\">Acredite em seu Filho e o senhor ser\u00e1 ressuscitado. <\/li>\n<\/ul>\n\n\n\n<ul style=\"color:#000000\" class=\"wp-block-list\">\n<li style=\"font-size:18px\"><mark style=\"background-color:rgba(0, 0, 0, 0)\" class=\"has-inline-color has-black-color\"><mark style=\"background-color:rgba(0, 0, 0, 0)\" class=\"has-inline-color has-black-color\"><mark style=\"background-color:rgba(0, 0, 0, 0)\" class=\"has-inline-color has-black-color\"><mark style=\"background-color:rgba(0, 0, 0, 0)\" class=\"has-inline-color has-black-color\">Jesus ent\u00e3o confirma<\/mark><\/mark><\/mark><\/mark>O senhor pode ver a vontade do Pai no vers\u00edculo 47: <mark style=\"background-color:rgba(0, 0, 0, 0)\" class=\"has-inline-color has-black-color\"><mark style=\"background-color:rgba(0, 0, 0, 0)\" class=\"has-inline-color has-black-color\"><mark style=\"background-color:rgba(0, 0, 0, 0)\" class=\"has-inline-color has-black-color\"><mark style=\"background-color:rgba(0, 0, 0, 0)\" class=\"has-inline-color has-black-color\">\u201cAm\u00e9m, am\u00e9m, eu digo aos senhores, quem<strong> \"<span style=\"text-decoration: underline;\">acredita<\/span>\"<\/strong> tem a vida eterna\u201d. 47<\/mark><\/mark><\/mark><\/mark><\/li>\n<\/ul>\n\n\n\n<hr class=\"wp-block-separator has-text-color has-css-opacity has-background is-style-wide\" style=\"background-color:#000000;color:#000000\"\/>\n\n\n\n<p class=\"has-text-color wp-block-paragraph\" style=\"color:#000000;font-size:18px\"><strong>Muitos disc\u00edpulos n\u00e3o acreditaram <\/strong><\/p>\n\n\n\n<hr class=\"wp-block-separator has-text-color has-css-opacity has-background is-style-wide\" style=\"background-color:#000000;color:#000000\"\/>\n\n\n\n<ul style=\"color:#000000\" class=\"wp-block-list\">\n<li style=\"font-size:18px\">Aproximadamente dois anos ap\u00f3s o in\u00edcio de seu minist\u00e9rio terreno, Jesus ensinou alguns novos ensinamentos muito dif\u00edceis e perturbadores que abalaram a f\u00e9 de muitos disc\u00edpulos.&nbsp;<\/li>\n<\/ul>\n\n\n\n<ul style=\"color:#000000\" class=\"wp-block-list\">\n<li style=\"font-size:18px\">O Senhor surpreendeu seus disc\u00edpulos com novos ensinamentos estranhos que n\u00e3o eram apenas perturbadores, mas tamb\u00e9m proibidos, como beber sangue. Jo\u00e3o 6:50-58<\/li>\n<\/ul>\n\n\n\n<ul style=\"color:#000000\" class=\"wp-block-list\">\n<li style=\"font-size:18px\">Durante o discurso do P\u00e3o da Vida, <strong>\"<span style=\"text-decoration: underline;\">Jesus deu instru\u00e7\u00f5es<\/span>\"<\/strong> de dentro de seus novos ensinamentos a serem seguidos sobre como ser ressuscitado no \u00faltimo dia.&nbsp;<\/li>\n<\/ul>\n\n\n\n<ul style=\"color:#000000\" class=\"wp-block-list\">\n<li style=\"font-size:18px\"><mark style=\"background-color:rgba(0, 0, 0, 0)\" class=\"has-inline-color has-black-color\">Para <strong>\"<span style=\"text-decoration: underline;\">acredite<\/span>\"<\/strong> significa aceitar como <strong>\"<span style=\"text-decoration: underline;\">verdade<\/span>.\" <\/strong>Acreditar nesses novos e dif\u00edceis ensinamentos \u00e9 aceitar as instru\u00e7\u00f5es, os comandos e as consequ\u00eancias que Jesus deu a seus disc\u00edpulos como verdade. <\/mark><\/li>\n<\/ul>\n\n\n\n<ul style=\"color:#000000\" class=\"wp-block-list\">\n<li style=\"font-size:18px\">De acordo com as Escrituras Sagradas, muitos disc\u00edpulos n\u00e3o acreditaram nesses novos ensinamentos e abandonaram o Senhor. 60,64,66<\/li>\n<\/ul>\n\n\n\n<ul style=\"color:#000000\" class=\"wp-block-list\">\n<li style=\"font-size:18px\"><mark style=\"background-color:rgba(0, 0, 0, 0)\" class=\"has-inline-color has-black-color\">Para obter mais informa\u00e7\u00f5es sobre por que muitos disc\u00edpulos abandonaram Jesus, consulte o link da p\u00e1gina inicial na parte inferior. <\/mark><\/li>\n<\/ul>\n\n\n\n<hr class=\"wp-block-separator has-text-color has-css-opacity has-background is-style-wide\" style=\"background-color:#000000;color:#000000\"\/>\n\n\n\n<p class=\"wp-block-paragraph\" style=\"font-size:18px\"><mark style=\"background-color:rgba(0, 0, 0, 0)\" class=\"has-inline-color has-black-color\"><strong>Algumas pessoas acreditam que o vers\u00edculo 65 apoia a interpreta\u00e7\u00e3o de que Deus, o Pai, optou por n\u00e3o atrair os disc\u00edpulos ao Seu Filho  <\/strong><\/mark><\/p>\n\n\n\n<hr class=\"wp-block-separator has-text-color has-css-opacity has-background is-style-wide\" style=\"background-color:#000000;color:#000000\"\/>\n\n\n\n<ul style=\"color:#000000\" class=\"wp-block-list\">\n<li style=\"font-size:18px\"><mark style=\"background-color:rgba(0, 0, 0, 0)\" class=\"has-inline-color has-black-color\">Do vers\u00edculo 65 - Por esta raz\u00e3o, eu lhes disse que ningu\u00e9m pode <span style=\"text-decoration: underline;\">venha at\u00e9 mim<\/span> (ressuscitado no \u00faltimo dia), a menos que isso lhe seja concedido por meu Pai.<\/mark><\/li>\n<\/ul>\n\n\n\n<ul style=\"color:#000000\" class=\"wp-block-list\">\n<li style=\"font-size:18px\"><mark style=\"background-color:rgba(0, 0, 0, 0)\" class=\"has-inline-color has-black-color\">Quando Jesus disse \"<span style=\"text-decoration: underline;\">por este motivo<\/span>\" no vers\u00edculo 65, <mark style=\"background-color:rgba(0, 0, 0, 0)\" class=\"has-inline-color has-black-color\">qual \u00e9 a raz\u00e3o? <\/mark><\/mark><\/li>\n<\/ul>\n\n\n\n<ul style=\"color:#000000\" class=\"wp-block-list\">\n<li style=\"font-size:18px\"><mark style=\"background-color:rgba(0, 0, 0, 0)\" class=\"has-inline-color has-black-color\">A raz\u00e3o est\u00e1 no vers\u00edculo 64, que Jesus disse: <strong>\u201cMas h\u00e1 alguns dos senhores que n\u00e3o acreditam\u201d.\u201d <\/strong><\/mark><\/li>\n<\/ul>\n\n\n\n<ul style=\"color:#000000\" class=\"wp-block-list\">\n<li style=\"font-size:18px\">Em seu<strong> &#8220;<span style=\"text-decoration: underline;\">palavras pr\u00f3prias<\/span>,&#8221;<\/strong> Jesus definiu a \u201craz\u00e3o\u201d. Esses vers\u00edculos est\u00e3o conectados:<\/li>\n<\/ul>\n\n\n\n<ul style=\"color:#000000\" class=\"wp-block-list\">\n<li style=\"font-size:18px\"><mark style=\"background-color:rgba(0, 0, 0, 0)\" class=\"has-inline-color has-black-color\">Mas h\u00e1 alguns dos senhores que n\u00e3o o fazem <strong>\"<span style=\"text-decoration: underline;\">acredite<\/span>\"<\/strong>... \u201cPor esta raz\u00e3o, eu lhes disse que ningu\u00e9m pode vir a mim, a menos que meu Pai lho conceda.\u201d 64,65<\/mark><\/li>\n<\/ul>\n\n\n\n<ul style=\"color:#000000\" class=\"wp-block-list\">\n<li style=\"font-size:18px\">Embora o \u201ccoment\u00e1rio\u201d do vers\u00edculo 64 seja importante, conectar as pr\u00f3prias palavras do Senhor lhe d\u00e1 o verdadeiro significado do que Jesus ensinou no Discurso do P\u00e3o da Vida.<\/li>\n<\/ul>\n\n\n\n<ul style=\"color:#000000\" class=\"wp-block-list\">\n<li style=\"font-size:18px\">Para que o Pai os concedesse, os disc\u00edpulos tinham que acreditar em seu Filho. <\/li>\n<\/ul>\n\n\n\n<hr class=\"wp-block-separator has-text-color has-css-opacity has-background is-style-wide\" style=\"background-color:#000000;color:#000000\"\/>\n\n\n\n<p class=\"has-text-align-left wp-block-paragraph\" style=\"font-size:18px\"><a href=\"https:\/\/bible.usccb.org\/bible\/john\/6\"><span style=\"text-decoration: underline;\">A Nova B\u00edblia Americana, Edi\u00e7\u00e3o revisada<\/span><\/a>  <\/p>\n\n\n\n<p class=\"wp-block-paragraph\" style=\"font-size:18px\"><a href=\"http:\/\/truthcampaign.org\/pt_br\/\"><span style=\"text-decoration: underline;\">P\u00e1gina inicial<\/span><\/a><\/p>","protected":false},"excerpt":{"rendered":"<p>Os disc\u00edpulos \u201cabandonaram\u201d Jesus porque Deus, o Pai, decidiu n\u00e3o \u201catra\u00ed-los\u201d ao Filho? Jo\u00e3o 6:44 - \u201cNingu\u00e9m pode vir a mim, se o Pai que me enviou n\u00e3o o atrair; e eu o ressuscitarei no \u00faltimo dia.\u201d Ou\u00e7a e aprenda com o Pai Muitos disc\u00edpulos n\u00e3o acreditaram Alguns ... <a href=\"https:\/\/truthcampaign.org\/pt_br\/drawn\/\" class=\"more-link\">Continuar lendo <span class=\"screen-reader-text\"><\/span><\/a><\/p>","protected":false},"author":176433605,"featured_media":0,"parent":0,"menu_order":0,"comment_status":"closed","ping_status":"closed","template":"","meta":{"_bbp_topic_count":0,"_bbp_reply_count":0,"_bbp_total_topic_count":0,"_bbp_total_reply_count":0,"_bbp_voice_count":0,"_bbp_anonymous_reply_count":0,"_bbp_topic_count_hidden":0,"_bbp_reply_count_hidden":0,"_bbp_forum_subforum_count":0,"_coblocks_attr":"","_coblocks_dimensions":"","_coblocks_responsive_height":"","_coblocks_accordion_ie_support":"","_crdt_document":"","jetpack_post_was_ever_published":false,"footnotes":""},"class_list":["post-1256","page","type-page","status-publish","hentry"],"yoast_head":"<!-- This site is optimized with the Yoast SEO Premium plugin v23.8 (Yoast SEO v27.3) - https:\/\/yoast.com\/product\/yoast-seo-premium-wordpress\/ -->\n<title>| Is the \u201cBread of Life\u201d a metaphor? This website proves a metaphor would have resulted in a Roman execution only and \u201cnot\u201d a sacrifice.<\/title>\n<meta name=\"description\" content=\"Is the \u201cBread of Life\u201d a metaphor? If you think so, I will prove to you a metaphor would have resulted in a Roman execution only and \u201cnot\u201d a sacrifice.\" \/>\n<meta name=\"robots\" content=\"noindex, nofollow\" \/>\n<meta property=\"og:locale\" content=\"pt_BR\" \/>\n<meta property=\"og:type\" content=\"article\" \/>\n<meta property=\"og:description\" content=\"Is the \u201cBread of Life\u201d a metaphor? If you think so, I will prove to you a metaphor would have resulted in a Roman execution only and \u201cnot\u201d a sacrifice.\" \/>\n<meta property=\"og:url\" content=\"https:\/\/truthcampaign.org\/pt_br\/drawn\/\" \/>\n<meta property=\"og:site_name\" content=\"Truth Campaign | The Truth Will Set You Free!\" \/>\n<meta property=\"article:modified_time\" content=\"2025-05-17T17:04:06+00:00\" \/>\n<meta property=\"og:image\" content=\"https:\/\/i0.wp.com\/truthcampaign.org\/wp-content\/uploads\/2024\/10\/image.png?fit=1024%2C768&ssl=1\" \/>\n\t<meta property=\"og:image:width\" content=\"1024\" \/>\n\t<meta property=\"og:image:height\" content=\"768\" \/>\n\t<meta property=\"og:image:type\" content=\"image\/png\" \/>\n<meta name=\"twitter:card\" content=\"summary_large_image\" \/>\n<meta name=\"twitter:site\" content=\"@SeekWhyTheyLeft\" \/>\n<meta name=\"twitter:label1\" content=\"Est. tempo de leitura\" \/>\n\t<meta name=\"twitter:data1\" content=\"3 minutos\" \/>\n<script type=\"application\/ld+json\" class=\"yoast-schema-graph\">{\"@context\":\"https:\\\/\\\/schema.org\",\"@graph\":[{\"@type\":\"WebPage\",\"@id\":\"https:\\\/\\\/truthcampaign.org\\\/drawn\\\/\",\"url\":\"https:\\\/\\\/truthcampaign.org\\\/drawn\\\/\",\"name\":\"| Is the \u201cBread of Life\u201d a metaphor? This website proves a metaphor would have resulted in a Roman execution only and \u201cnot\u201d a sacrifice.\",\"isPartOf\":{\"@id\":\"https:\\\/\\\/truthcampaign.org\\\/#website\"},\"datePublished\":\"2021-05-16T20:37:08+00:00\",\"dateModified\":\"2025-05-17T17:04:06+00:00\",\"description\":\"Is the \u201cBread of Life\u201d a metaphor? If you think so, I will prove to you a metaphor would have resulted in a Roman execution only and \u201cnot\u201d a sacrifice.\",\"inLanguage\":\"pt-BR\",\"potentialAction\":[{\"@type\":\"ReadAction\",\"target\":[\"https:\\\/\\\/truthcampaign.org\\\/drawn\\\/\"]}]},{\"@type\":\"WebSite\",\"@id\":\"https:\\\/\\\/truthcampaign.org\\\/#website\",\"url\":\"https:\\\/\\\/truthcampaign.org\\\/\",\"name\":\"Truthcampaign.org\",\"description\":\"Is the \u201cBread of Life\u201d a metaphor? This website proves a metaphor would have resulted in a Roman execution only and \u201cnot\u201d a sacrifice.\",\"publisher\":{\"@id\":\"https:\\\/\\\/truthcampaign.org\\\/#organization\"},\"potentialAction\":[{\"@type\":\"SearchAction\",\"target\":{\"@type\":\"EntryPoint\",\"urlTemplate\":\"https:\\\/\\\/truthcampaign.org\\\/?s={search_term_string}\"},\"query-input\":{\"@type\":\"PropertyValueSpecification\",\"valueRequired\":true,\"valueName\":\"search_term_string\"}}],\"inLanguage\":\"pt-BR\"},{\"@type\":\"Organization\",\"@id\":\"https:\\\/\\\/truthcampaign.org\\\/#organization\",\"name\":\"truthcampaign.org\",\"url\":\"https:\\\/\\\/truthcampaign.org\\\/\",\"logo\":{\"@type\":\"ImageObject\",\"inLanguage\":\"pt-BR\",\"@id\":\"https:\\\/\\\/truthcampaign.org\\\/#\\\/schema\\\/logo\\\/image\\\/\",\"url\":\"https:\\\/\\\/i0.wp.com\\\/truthcampaign.org\\\/wp-content\\\/uploads\\\/2024\\\/10\\\/cropped-IMG_0863.jpeg?fit=580%2C580&ssl=1\",\"contentUrl\":\"https:\\\/\\\/i0.wp.com\\\/truthcampaign.org\\\/wp-content\\\/uploads\\\/2024\\\/10\\\/cropped-IMG_0863.jpeg?fit=580%2C580&ssl=1\",\"width\":580,\"height\":580,\"caption\":\"truthcampaign.org\"},\"image\":{\"@id\":\"https:\\\/\\\/truthcampaign.org\\\/#\\\/schema\\\/logo\\\/image\\\/\"},\"sameAs\":[\"https:\\\/\\\/x.com\\\/SeekWhyTheyLeft\"]}]}<\/script>\n<!-- \/ Yoast SEO Premium plugin. -->","yoast_head_json":{"title":"| O \u201cP\u00e3o da Vida\u201d \u00e9 uma met\u00e1fora? Este site prova que uma met\u00e1fora teria resultado apenas em uma execu\u00e7\u00e3o romana e \u201cn\u00e3o\u201d em um sacrif\u00edcio.","description":"O \"P\u00e3o da Vida\" \u00e9 uma met\u00e1fora? Se o senhor acha que sim, vou lhe provar que uma met\u00e1fora teria resultado apenas em uma execu\u00e7\u00e3o romana e \"n\u00e3o\" em um sacrif\u00edcio.","robots":{"index":"noindex","follow":"nofollow"},"og_locale":"pt_BR","og_type":"article","og_description":"Is the \u201cBread of Life\u201d a metaphor? If you think so, I will prove to you a metaphor would have resulted in a Roman execution only and \u201cnot\u201d a sacrifice.","og_url":"https:\/\/truthcampaign.org\/pt_br\/drawn\/","og_site_name":"Truth Campaign | The Truth Will Set You Free!","article_modified_time":"2025-05-17T17:04:06+00:00","og_image":[{"width":1024,"height":768,"url":"https:\/\/i0.wp.com\/truthcampaign.org\/wp-content\/uploads\/2024\/10\/image.png?fit=1024%2C768&ssl=1","type":"image\/png"}],"twitter_card":"summary_large_image","twitter_site":"@SeekWhyTheyLeft","twitter_misc":{"Est. tempo de leitura":"3 minutos"},"schema":{"@context":"https:\/\/schema.org","@graph":[{"@type":"WebPage","@id":"https:\/\/truthcampaign.org\/drawn\/","url":"https:\/\/truthcampaign.org\/drawn\/","name":"| O \u201cP\u00e3o da Vida\u201d \u00e9 uma met\u00e1fora? Este site prova que uma met\u00e1fora teria resultado apenas em uma execu\u00e7\u00e3o romana e \u201cn\u00e3o\u201d em um sacrif\u00edcio.","isPartOf":{"@id":"https:\/\/truthcampaign.org\/#website"},"datePublished":"2021-05-16T20:37:08+00:00","dateModified":"2025-05-17T17:04:06+00:00","description":"O \"P\u00e3o da Vida\" \u00e9 uma met\u00e1fora? Se o senhor acha que sim, vou lhe provar que uma met\u00e1fora teria resultado apenas em uma execu\u00e7\u00e3o romana e \"n\u00e3o\" em um sacrif\u00edcio.","inLanguage":"pt-BR","potentialAction":[{"@type":"ReadAction","target":["https:\/\/truthcampaign.org\/drawn\/"]}]},{"@type":"WebSite","@id":"https:\/\/truthcampaign.org\/#website","url":"https:\/\/truthcampaign.org\/","name":"Truthcampaign.org","description":"O \"P\u00e3o da Vida\" \u00e9 uma met\u00e1fora? Este site prova que uma met\u00e1fora teria resultado apenas em uma execu\u00e7\u00e3o romana e \"n\u00e3o\" em um sacrif\u00edcio.","publisher":{"@id":"https:\/\/truthcampaign.org\/#organization"},"potentialAction":[{"@type":"SearchAction","target":{"@type":"EntryPoint","urlTemplate":"https:\/\/truthcampaign.org\/?s={search_term_string}"},"query-input":{"@type":"PropertyValueSpecification","valueRequired":true,"valueName":"search_term_string"}}],"inLanguage":"pt-BR"},{"@type":"Organization","@id":"https:\/\/truthcampaign.org\/#organization","name":"truthcampaign.org","url":"https:\/\/truthcampaign.org\/","logo":{"@type":"ImageObject","inLanguage":"pt-BR","@id":"https:\/\/truthcampaign.org\/#\/schema\/logo\/image\/","url":"https:\/\/i0.wp.com\/truthcampaign.org\/wp-content\/uploads\/2024\/10\/cropped-IMG_0863.jpeg?fit=580%2C580&ssl=1","contentUrl":"https:\/\/i0.wp.com\/truthcampaign.org\/wp-content\/uploads\/2024\/10\/cropped-IMG_0863.jpeg?fit=580%2C580&ssl=1","width":580,"height":580,"caption":"truthcampaign.org"},"image":{"@id":"https:\/\/truthcampaign.org\/#\/schema\/logo\/image\/"},"sameAs":["https:\/\/x.com\/SeekWhyTheyLeft"]}]}},"jetpack_likes_enabled":true,"jetpack_sharing_enabled":true,"jetpack_shortlink":"https:\/\/wp.me\/PbvFlR-kg","_links":{"self":[{"href":"https:\/\/truthcampaign.org\/pt_br\/wp-json\/wp\/v2\/pages\/1256","targetHints":{"allow":["GET"]}}],"collection":[{"href":"https:\/\/truthcampaign.org\/pt_br\/wp-json\/wp\/v2\/pages"}],"about":[{"href":"https:\/\/truthcampaign.org\/pt_br\/wp-json\/wp\/v2\/types\/page"}],"author":[{"embeddable":true,"href":"https:\/\/truthcampaign.org\/pt_br\/wp-json\/wp\/v2\/users\/176433605"}],"replies":[{"embeddable":true,"href":"https:\/\/truthcampaign.org\/pt_br\/wp-json\/wp\/v2\/comments?post=1256"}],"version-history":[{"count":99,"href":"https:\/\/truthcampaign.org\/pt_br\/wp-json\/wp\/v2\/pages\/1256\/revisions"}],"predecessor-version":[{"id":23080,"href":"https:\/\/truthcampaign.org\/pt_br\/wp-json\/wp\/v2\/pages\/1256\/revisions\/23080"}],"wp:attachment":[{"href":"https:\/\/truthcampaign.org\/pt_br\/wp-json\/wp\/v2\/media?parent=1256"}],"curies":[{"name":"wp","href":"https:\/\/api.w.org\/{rel}","templated":true}]}}