{"id":1256,"date":"2021-05-16T13:37:08","date_gmt":"2021-05-16T20:37:08","guid":{"rendered":"https:\/\/truthcampaign.org\/?page_id=1256"},"modified":"2025-05-17T10:04:06","modified_gmt":"2025-05-17T17:04:06","slug":"drawn","status":"publish","type":"page","link":"https:\/\/truthcampaign.org\/ro\/drawn\/","title":{"rendered":""},"content":{"rendered":"<p class=\"has-text-color wp-block-paragraph\" style=\"color:#000000;font-size:18px\"><strong>Au f\u0103cut ucenicii \u201c<span style=\"text-decoration: underline;\">pleac\u0103<\/span>\u201d Isus pentru c\u0103 Dumnezeu Tat\u0103l a ales s\u0103 nu<mark style=\"background-color:rgba(0, 0, 0, 0)\" class=\"has-inline-color has-black-color\"> \"<span style=\"text-decoration: underline;\">trage<\/span><\/mark>\u201d la Fiul s\u0103u? <\/strong><\/p>\n\n\n\n<hr class=\"wp-block-separator has-text-color has-css-opacity has-background is-style-wide\" style=\"background-color:#000000;color:#000000\"\/>\n\n\n\n<p class=\"wp-block-paragraph\" style=\"font-size:18px\"><mark style=\"background-color:rgba(0, 0, 0, 0)\" class=\"has-inline-color has-black-color\"><strong>Ioan 6:44<\/strong> - \"Nimeni nu poate <span style=\"text-decoration: underline;\">Vino la mine.<\/span> dac\u0103 Tat\u0103l care m-a trimis <span style=\"text-decoration: underline;\">trage<\/span> \u0219i Eu \u00eel voi \u00eenvia \u00een ziua cea de apoi.\u201d <\/mark><\/p>\n\n\n\n<ul style=\"color:#000000\" class=\"wp-block-list\">\n<li style=\"font-size:18px\"><mark style=\"background-color:rgba(0, 0, 0, 0)\" class=\"has-inline-color has-black-color\">Unii oameni cred c\u0103 Tat\u0103l a ales s\u0103 nu-i atrag\u0103 pe ace\u0219ti ucenici la Fiul S\u0103u. <\/mark><\/li>\n<\/ul>\n\n\n\n<ul style=\"color:#000000\" class=\"wp-block-list\">\n<li style=\"font-size:18px\"><mark style=\"background-color:rgba(0, 0, 0, 0)\" class=\"has-inline-color has-black-color\">Ei cred c\u0103 acesta a fost motivul pentru care mul\u021bi ucenici l-au p\u0103r\u0103sit pe Isus \u0219i nu l-au mai \u00eenso\u021bit. 66<\/mark><\/li>\n<\/ul>\n\n\n\n<ul style=\"color:#000000\" class=\"wp-block-list\">\n<li style=\"font-size:18px\"><mark style=\"background-color:rgba(0, 0, 0, 0)\" class=\"has-inline-color has-black-color\">Iisus a definit \"<span style=\"text-decoration: underline;\">trage<\/span>\u201d chiar \u00een versetul urm\u0103tor... <\/mark><\/li>\n<\/ul>\n\n\n\n<ul style=\"color:#000000\" class=\"wp-block-list\">\n<li style=\"font-size:18px\">To\u021bi cei care<strong> \"<span style=\"text-decoration: underline;\">ascult\u0103<\/span>\" <\/strong>la Tat\u0103l meu \u0219i <strong>\"<span style=\"text-decoration: underline;\">\u00eenva\u021b\u0103<\/span>\"<\/strong> de la el<strong> \"<span style=\"text-decoration: underline;\">vine la mine<\/span>.\" <\/strong>45<\/li>\n<\/ul>\n\n\n\n<hr class=\"wp-block-separator has-text-color has-css-opacity has-background is-style-wide\" style=\"background-color:#000000;color:#000000\"\/>\n\n\n\n<p class=\"wp-block-paragraph\" style=\"font-size:18px\"><mark style=\"background-color:rgba(0, 0, 0, 0)\" class=\"has-inline-color has-black-color\"><strong>Ascult\u0103 \u0219i \u00eenva\u021b\u0103 de la Tat\u0103l<\/strong><\/mark><\/p>\n\n\n\n<hr class=\"wp-block-separator has-text-color has-css-opacity has-background is-style-wide\" style=\"background-color:#000000;color:#000000\"\/>\n\n\n\n<ul style=\"color:#000000\" class=\"wp-block-list\">\n<li style=\"font-size:18px\">Pentru a fi atra\u0219i, ucenicii trebuiau s\u0103 asculte \u0219i s\u0103 \u00eenve\u021be de la Tat\u0103l. <\/li>\n<\/ul>\n\n\n\n<ul style=\"color:#000000\" class=\"wp-block-list\">\n<li style=\"font-size:18px\">Observa\u021bi cum Isus a explicat \u00een mod inten\u021bionat <strong>&#8220;<span style=\"text-decoration: underline;\">Voin\u021ba Tat\u0103lui<\/span>\"<\/strong> chiar \u00eenainte de versetul 44?<\/li>\n<\/ul>\n\n\n\n<ul style=\"color:#000000\" class=\"wp-block-list\">\n<li style=\"font-size:18px\">\u201cC\u0103ci aceasta este voia Tat\u0103lui Meu, ca oricine vede pe Fiul \u0219i <strong>\"<span style=\"text-decoration: underline;\">crede<\/span>\"<\/strong> \u00een El s\u0103 aib\u0103 via\u021b\u0103 ve\u0219nic\u0103 \u0219i Eu \u00eel voi \u00eenvia \u00een ziua cea de apoi.\u201d 40<\/li>\n<\/ul>\n\n\n\n<ul style=\"color:#000000\" class=\"wp-block-list\">\n<li style=\"font-size:18px\">Dac\u0103 evreii nu L-ar fi \u00eentrerupt pe Domnul prin pl\u00e2ngeri (41-43), versetele 40 \u0219i 44 ar fi \u201cspate \u00een spate\u201d, acoperind acela\u0219i subiect al \u201c\u00eenvierii \u00een ziua de apoi\u201d.\u201d<\/li>\n<\/ul>\n\n\n\n<ul style=\"color:#000000\" class=\"wp-block-list\">\n<li style=\"font-size:18px\">Nu exist\u0103 nimic mai bun de \u00eenv\u0103\u021bat dec\u00e2t \u201cvoia Tat\u0103lui\u201d. Voin\u021ba Tat\u0103lui ne d\u0103 instruc\u021biuni despre cum s\u0103 \u00eenviem \u00een ultima zi:<\/li>\n<\/ul>\n\n\n\n<ul style=\"color:#000000\" class=\"wp-block-list\">\n<li style=\"font-size:18px\">Crede\u021bi \u00een Fiul S\u0103u \u0219i ve\u021bi fi \u00eenvia\u021bi. <\/li>\n<\/ul>\n\n\n\n<ul style=\"color:#000000\" class=\"wp-block-list\">\n<li style=\"font-size:18px\"><mark style=\"background-color:rgba(0, 0, 0, 0)\" class=\"has-inline-color has-black-color\"><mark style=\"background-color:rgba(0, 0, 0, 0)\" class=\"has-inline-color has-black-color\"><mark style=\"background-color:rgba(0, 0, 0, 0)\" class=\"has-inline-color has-black-color\"><mark style=\"background-color:rgba(0, 0, 0, 0)\" class=\"has-inline-color has-black-color\">Isus a confirmat apoi<\/mark><\/mark><\/mark><\/mark>ed voia Tat\u0103lui cu versetul 47: <mark style=\"background-color:rgba(0, 0, 0, 0)\" class=\"has-inline-color has-black-color\"><mark style=\"background-color:rgba(0, 0, 0, 0)\" class=\"has-inline-color has-black-color\"><mark style=\"background-color:rgba(0, 0, 0, 0)\" class=\"has-inline-color has-black-color\"><mark style=\"background-color:rgba(0, 0, 0, 0)\" class=\"has-inline-color has-black-color\">\u201cAmin, amin, v\u0103 spun, oricine<strong> \"<span style=\"text-decoration: underline;\">crede<\/span>\"<\/strong> are via\u021ba ve\u0219nic\u0103.\u201d 47<\/mark><\/mark><\/mark><\/mark><\/li>\n<\/ul>\n\n\n\n<hr class=\"wp-block-separator has-text-color has-css-opacity has-background is-style-wide\" style=\"background-color:#000000;color:#000000\"\/>\n\n\n\n<p class=\"has-text-color wp-block-paragraph\" style=\"color:#000000;font-size:18px\"><strong>Mul\u021bi ucenici nu au crezut <\/strong><\/p>\n\n\n\n<hr class=\"wp-block-separator has-text-color has-css-opacity has-background is-style-wide\" style=\"background-color:#000000;color:#000000\"\/>\n\n\n\n<ul style=\"color:#000000\" class=\"wp-block-list\">\n<li style=\"font-size:18px\">Dup\u0103 aproximativ doi ani de slujire p\u0103m\u00e2nteasc\u0103, Iisus a dat ni\u0219te \u00eenv\u0103\u021b\u0103turi noi foarte dificile \u0219i tulbur\u0103toare, care au zdruncinat credin\u021ba multor ucenici.&nbsp;<\/li>\n<\/ul>\n\n\n\n<ul style=\"color:#000000\" class=\"wp-block-list\">\n<li style=\"font-size:18px\">Domnul i-a surprins pe ucenicii S\u0103i cu noi \u00eenv\u0103\u021b\u0103turi ciudate care nu erau doar deranjante, ci \u0219i interzise, cum ar fi consumul de s\u00e2nge. Ioan 6:50-58<\/li>\n<\/ul>\n\n\n\n<ul style=\"color:#000000\" class=\"wp-block-list\">\n<li style=\"font-size:18px\">\u00cen timpul discursului P\u00e2inea vie\u021bii, <strong>\"<span style=\"text-decoration: underline;\">Isus a dat instruc\u021biuni<\/span>\"<\/strong> din noile sale \u00eenv\u0103\u021b\u0103turi de urmat despre cum s\u0103 fii \u00eenviat \u00een ultima zi.&nbsp;<\/li>\n<\/ul>\n\n\n\n<ul style=\"color:#000000\" class=\"wp-block-list\">\n<li style=\"font-size:18px\"><mark style=\"background-color:rgba(0, 0, 0, 0)\" class=\"has-inline-color has-black-color\">La <strong>\"<span style=\"text-decoration: underline;\">cred<\/span>\"<\/strong> \u00eenseamn\u0103 a accepta ca <strong>\"<span style=\"text-decoration: underline;\">adev\u0103r<\/span>.\" <\/strong>A crede \u00een aceste noi \u00eenv\u0103\u021b\u0103turi dificile \u00eenseamn\u0103 a accepta instruc\u021biunile, poruncile \u0219i consecin\u021bele pe care Isus le-a dat ucenicilor s\u0103i ca fiind adev\u0103rul. <\/mark><\/li>\n<\/ul>\n\n\n\n<ul style=\"color:#000000\" class=\"wp-block-list\">\n<li style=\"font-size:18px\">Conform Sfintei Scripturi, mul\u021bi ucenici nu au crezut \u00een aceste noi \u00eenv\u0103\u021b\u0103turi \u0219i L-au p\u0103r\u0103sit pe Domnul. 60,64,66<\/li>\n<\/ul>\n\n\n\n<ul style=\"color:#000000\" class=\"wp-block-list\">\n<li style=\"font-size:18px\"><mark style=\"background-color:rgba(0, 0, 0, 0)\" class=\"has-inline-color has-black-color\">Pentru mai multe informa\u021bii despre motivul pentru care mul\u021bi ucenici L-au p\u0103r\u0103sit pe Isus, v\u0103 rug\u0103m s\u0103 consulta\u021bi linkul de pe pagina de pornire din partea de jos. <\/mark><\/li>\n<\/ul>\n\n\n\n<hr class=\"wp-block-separator has-text-color has-css-opacity has-background is-style-wide\" style=\"background-color:#000000;color:#000000\"\/>\n\n\n\n<p class=\"wp-block-paragraph\" style=\"font-size:18px\"><mark style=\"background-color:rgba(0, 0, 0, 0)\" class=\"has-inline-color has-black-color\"><strong>Unii oameni cred c\u0103 versetul 65 sus\u021bine interpretarea c\u0103 Dumnezeu Tat\u0103l a ales s\u0103 nu-i atrag\u0103 pe ucenici la Fiul S\u0103u  <\/strong><\/mark><\/p>\n\n\n\n<hr class=\"wp-block-separator has-text-color has-css-opacity has-background is-style-wide\" style=\"background-color:#000000;color:#000000\"\/>\n\n\n\n<ul style=\"color:#000000\" class=\"wp-block-list\">\n<li style=\"font-size:18px\"><mark style=\"background-color:rgba(0, 0, 0, 0)\" class=\"has-inline-color has-black-color\">Din versetul 65 - De aceea v-am spus c\u0103 nimeni nu poate <span style=\"text-decoration: underline;\">Vino la mine.<\/span> (\u00eenviat \u00een ziua de apoi), dac\u0103 nu-i va fi dat de Tat\u0103l Meu.<\/mark><\/li>\n<\/ul>\n\n\n\n<ul style=\"color:#000000\" class=\"wp-block-list\">\n<li style=\"font-size:18px\"><mark style=\"background-color:rgba(0, 0, 0, 0)\" class=\"has-inline-color has-black-color\">C\u00e2nd Isus a spus \"<span style=\"text-decoration: underline;\">din acest motiv<\/span>\" \u00een versetul 65, <mark style=\"background-color:rgba(0, 0, 0, 0)\" class=\"has-inline-color has-black-color\">Care este motivul? <\/mark><\/mark><\/li>\n<\/ul>\n\n\n\n<ul style=\"color:#000000\" class=\"wp-block-list\">\n<li style=\"font-size:18px\"><mark style=\"background-color:rgba(0, 0, 0, 0)\" class=\"has-inline-color has-black-color\">Motivul este \u00een versetul 64, \u00een care Isus spune: <strong>\u201cDar sunt unii dintre voi care nu cred.\u201d <\/strong><\/mark><\/li>\n<\/ul>\n\n\n\n<ul style=\"color:#000000\" class=\"wp-block-list\">\n<li style=\"font-size:18px\">\u00cen<strong> &#8220;<span style=\"text-decoration: underline;\">propriile cuvinte<\/span>,&#8221;<\/strong> Isus a definit \u201cmotivul\u201d. Aceste versete sunt legate \u00eentre ele:<\/li>\n<\/ul>\n\n\n\n<ul style=\"color:#000000\" class=\"wp-block-list\">\n<li style=\"font-size:18px\"><mark style=\"background-color:rgba(0, 0, 0, 0)\" class=\"has-inline-color has-black-color\">Dar sunt unii dintre voi care nu o fac <strong>\"<span style=\"text-decoration: underline;\">cred<\/span>\"<\/strong>... \u201cDe aceea v-am spus c\u0103 nimeni nu poate veni la Mine dac\u0103 nu-i este dat de Tat\u0103l Meu.\u201d 64,65<\/mark><\/li>\n<\/ul>\n\n\n\n<ul style=\"color:#000000\" class=\"wp-block-list\">\n<li style=\"font-size:18px\">De\u0219i \u201ccomentariul\u201d versetului 64 este important, conectarea cuvintelor Domnului v\u0103 ofer\u0103 adev\u0103rata semnifica\u021bie a ceea ce Isus a \u00eenv\u0103\u021bat la Discursul despre P\u00e2inea Vie\u021bii.<\/li>\n<\/ul>\n\n\n\n<ul style=\"color:#000000\" class=\"wp-block-list\">\n<li style=\"font-size:18px\">Pentru a fi primi\u021bi de Tat\u0103l, ucenicii trebuiau s\u0103 cread\u0103 \u00een Fiul S\u0103u. <\/li>\n<\/ul>\n\n\n\n<hr class=\"wp-block-separator has-text-color has-css-opacity has-background is-style-wide\" style=\"background-color:#000000;color:#000000\"\/>\n\n\n\n<p class=\"has-text-align-left wp-block-paragraph\" style=\"font-size:18px\"><a href=\"https:\/\/bible.usccb.org\/bible\/john\/6\"><span style=\"text-decoration: underline;\">Noua Biblie American\u0103, edi\u021bie revizuit\u0103<\/span><\/a>  <\/p>\n\n\n\n<p class=\"wp-block-paragraph\" style=\"font-size:18px\"><a href=\"http:\/\/truthcampaign.org\/ro\/\"><span style=\"text-decoration: underline;\">Pagina de start<\/span><\/a><\/p>","protected":false},"excerpt":{"rendered":"<p>L-au \u201cp\u0103r\u0103sit\u201d ucenicii pe Isus pentru c\u0103 Dumnezeu Tat\u0103l a ales s\u0103 nu \u00eei \u201catrag\u0103\u201d la Fiul S\u0103u? Ioan 6:44 - \u201cNimeni nu poate veni la Mine dac\u0103 nu-l atrage Tat\u0103l, care M-a trimis, \u0219i Eu \u00eel voi \u00eenvia \u00een ziua cea de apoi.\u201d Asculta\u021bi \u0219i \u00eenv\u0103\u021ba\u021bi de la Tat\u0103l Mul\u021bi ucenici nu au crezut Unii ... <a href=\"https:\/\/truthcampaign.org\/ro\/drawn\/\" class=\"more-link\">Continu\u0103 s\u0103 cite\u0219ti <span class=\"screen-reader-text\"><\/span><\/a><\/p>","protected":false},"author":176433605,"featured_media":0,"parent":0,"menu_order":0,"comment_status":"closed","ping_status":"closed","template":"","meta":{"_bbp_topic_count":0,"_bbp_reply_count":0,"_bbp_total_topic_count":0,"_bbp_total_reply_count":0,"_bbp_voice_count":0,"_bbp_anonymous_reply_count":0,"_bbp_topic_count_hidden":0,"_bbp_reply_count_hidden":0,"_bbp_forum_subforum_count":0,"_coblocks_attr":"","_coblocks_dimensions":"","_coblocks_responsive_height":"","_coblocks_accordion_ie_support":"","_crdt_document":"","jetpack_post_was_ever_published":false,"footnotes":""},"class_list":["post-1256","page","type-page","status-publish","hentry"],"yoast_head":"<!-- This site is optimized with the Yoast SEO Premium plugin v23.8 (Yoast SEO v27.3) - https:\/\/yoast.com\/product\/yoast-seo-premium-wordpress\/ -->\n<title>| Is the \u201cBread of Life\u201d a metaphor? This website proves a metaphor would have resulted in a Roman execution only and \u201cnot\u201d a sacrifice.<\/title>\n<meta name=\"description\" content=\"Is the \u201cBread of Life\u201d a metaphor? If you think so, I will prove to you a metaphor would have resulted in a Roman execution only and \u201cnot\u201d a sacrifice.\" \/>\n<meta name=\"robots\" content=\"noindex, nofollow\" \/>\n<meta property=\"og:locale\" content=\"ro_RO\" \/>\n<meta property=\"og:type\" content=\"article\" \/>\n<meta property=\"og:description\" content=\"Is the \u201cBread of Life\u201d a metaphor? If you think so, I will prove to you a metaphor would have resulted in a Roman execution only and \u201cnot\u201d a sacrifice.\" \/>\n<meta property=\"og:url\" content=\"https:\/\/truthcampaign.org\/ro\/drawn\/\" \/>\n<meta property=\"og:site_name\" content=\"Truth Campaign | The Truth Will Set You Free!\" \/>\n<meta property=\"article:modified_time\" content=\"2025-05-17T17:04:06+00:00\" \/>\n<meta property=\"og:image\" content=\"https:\/\/i0.wp.com\/truthcampaign.org\/wp-content\/uploads\/2024\/10\/image.png?fit=1024%2C768&ssl=1\" \/>\n\t<meta property=\"og:image:width\" content=\"1024\" \/>\n\t<meta property=\"og:image:height\" content=\"768\" \/>\n\t<meta property=\"og:image:type\" content=\"image\/png\" \/>\n<meta name=\"twitter:card\" content=\"summary_large_image\" \/>\n<meta name=\"twitter:site\" content=\"@SeekWhyTheyLeft\" \/>\n<meta name=\"twitter:label1\" content=\"Timp estimat pentru citire\" \/>\n\t<meta name=\"twitter:data1\" content=\"3 minute\" \/>\n<script type=\"application\/ld+json\" class=\"yoast-schema-graph\">{\"@context\":\"https:\\\/\\\/schema.org\",\"@graph\":[{\"@type\":\"WebPage\",\"@id\":\"https:\\\/\\\/truthcampaign.org\\\/drawn\\\/\",\"url\":\"https:\\\/\\\/truthcampaign.org\\\/drawn\\\/\",\"name\":\"| Is the \u201cBread of Life\u201d a metaphor? This website proves a metaphor would have resulted in a Roman execution only and \u201cnot\u201d a sacrifice.\",\"isPartOf\":{\"@id\":\"https:\\\/\\\/truthcampaign.org\\\/#website\"},\"datePublished\":\"2021-05-16T20:37:08+00:00\",\"dateModified\":\"2025-05-17T17:04:06+00:00\",\"description\":\"Is the \u201cBread of Life\u201d a metaphor? If you think so, I will prove to you a metaphor would have resulted in a Roman execution only and \u201cnot\u201d a sacrifice.\",\"inLanguage\":\"ro-RO\",\"potentialAction\":[{\"@type\":\"ReadAction\",\"target\":[\"https:\\\/\\\/truthcampaign.org\\\/drawn\\\/\"]}]},{\"@type\":\"WebSite\",\"@id\":\"https:\\\/\\\/truthcampaign.org\\\/#website\",\"url\":\"https:\\\/\\\/truthcampaign.org\\\/\",\"name\":\"Truthcampaign.org\",\"description\":\"Is the \u201cBread of Life\u201d a metaphor? This website proves a metaphor would have resulted in a Roman execution only and \u201cnot\u201d a sacrifice.\",\"publisher\":{\"@id\":\"https:\\\/\\\/truthcampaign.org\\\/#organization\"},\"potentialAction\":[{\"@type\":\"SearchAction\",\"target\":{\"@type\":\"EntryPoint\",\"urlTemplate\":\"https:\\\/\\\/truthcampaign.org\\\/?s={search_term_string}\"},\"query-input\":{\"@type\":\"PropertyValueSpecification\",\"valueRequired\":true,\"valueName\":\"search_term_string\"}}],\"inLanguage\":\"ro-RO\"},{\"@type\":\"Organization\",\"@id\":\"https:\\\/\\\/truthcampaign.org\\\/#organization\",\"name\":\"truthcampaign.org\",\"url\":\"https:\\\/\\\/truthcampaign.org\\\/\",\"logo\":{\"@type\":\"ImageObject\",\"inLanguage\":\"ro-RO\",\"@id\":\"https:\\\/\\\/truthcampaign.org\\\/#\\\/schema\\\/logo\\\/image\\\/\",\"url\":\"https:\\\/\\\/i0.wp.com\\\/truthcampaign.org\\\/wp-content\\\/uploads\\\/2024\\\/10\\\/cropped-IMG_0863.jpeg?fit=580%2C580&ssl=1\",\"contentUrl\":\"https:\\\/\\\/i0.wp.com\\\/truthcampaign.org\\\/wp-content\\\/uploads\\\/2024\\\/10\\\/cropped-IMG_0863.jpeg?fit=580%2C580&ssl=1\",\"width\":580,\"height\":580,\"caption\":\"truthcampaign.org\"},\"image\":{\"@id\":\"https:\\\/\\\/truthcampaign.org\\\/#\\\/schema\\\/logo\\\/image\\\/\"},\"sameAs\":[\"https:\\\/\\\/x.com\\\/SeekWhyTheyLeft\"]}]}<\/script>\n<!-- \/ Yoast SEO Premium plugin. -->","yoast_head_json":{"title":"| Este \u201cP\u00e2inea Vie\u021bii\u201d o metafor\u0103? Acest site dovede\u0219te c\u0103 o metafor\u0103 ar fi dus doar la o execu\u021bie roman\u0103 \u0219i \u201cnu\u201d la un sacrificiu.","description":"Este \"P\u00e2inea vie\u021bii\" o metafor\u0103? Dac\u0103 crede\u021bi c\u0103 da, v\u0103 voi demonstra c\u0103 o metafor\u0103 ar fi dus doar la o execu\u021bie roman\u0103 \u0219i \"nu\" la un sacrificiu.","robots":{"index":"noindex","follow":"nofollow"},"og_locale":"ro_RO","og_type":"article","og_description":"Is the \u201cBread of Life\u201d a metaphor? If you think so, I will prove to you a metaphor would have resulted in a Roman execution only and \u201cnot\u201d a sacrifice.","og_url":"https:\/\/truthcampaign.org\/ro\/drawn\/","og_site_name":"Truth Campaign | The Truth Will Set You Free!","article_modified_time":"2025-05-17T17:04:06+00:00","og_image":[{"width":1024,"height":768,"url":"https:\/\/i0.wp.com\/truthcampaign.org\/wp-content\/uploads\/2024\/10\/image.png?fit=1024%2C768&ssl=1","type":"image\/png"}],"twitter_card":"summary_large_image","twitter_site":"@SeekWhyTheyLeft","twitter_misc":{"Timp estimat pentru citire":"3 minute"},"schema":{"@context":"https:\/\/schema.org","@graph":[{"@type":"WebPage","@id":"https:\/\/truthcampaign.org\/drawn\/","url":"https:\/\/truthcampaign.org\/drawn\/","name":"| Este \u201cP\u00e2inea Vie\u021bii\u201d o metafor\u0103? Acest site dovede\u0219te c\u0103 o metafor\u0103 ar fi dus doar la o execu\u021bie roman\u0103 \u0219i \u201cnu\u201d la un sacrificiu.","isPartOf":{"@id":"https:\/\/truthcampaign.org\/#website"},"datePublished":"2021-05-16T20:37:08+00:00","dateModified":"2025-05-17T17:04:06+00:00","description":"Este \"P\u00e2inea vie\u021bii\" o metafor\u0103? Dac\u0103 crede\u021bi c\u0103 da, v\u0103 voi demonstra c\u0103 o metafor\u0103 ar fi dus doar la o execu\u021bie roman\u0103 \u0219i \"nu\" la un sacrificiu.","inLanguage":"ro-RO","potentialAction":[{"@type":"ReadAction","target":["https:\/\/truthcampaign.org\/drawn\/"]}]},{"@type":"WebSite","@id":"https:\/\/truthcampaign.org\/#website","url":"https:\/\/truthcampaign.org\/","name":"Truthcampaign.org","description":"Este \"P\u00e2inea vie\u021bii\" o metafor\u0103? Acest site dovede\u0219te c\u0103 o metafor\u0103 ar fi dus doar la o execu\u021bie roman\u0103 \u0219i \"nu\" la un sacrificiu.","publisher":{"@id":"https:\/\/truthcampaign.org\/#organization"},"potentialAction":[{"@type":"SearchAction","target":{"@type":"EntryPoint","urlTemplate":"https:\/\/truthcampaign.org\/?s={search_term_string}"},"query-input":{"@type":"PropertyValueSpecification","valueRequired":true,"valueName":"search_term_string"}}],"inLanguage":"ro-RO"},{"@type":"Organization","@id":"https:\/\/truthcampaign.org\/#organization","name":"truthcampaign.org","url":"https:\/\/truthcampaign.org\/","logo":{"@type":"ImageObject","inLanguage":"ro-RO","@id":"https:\/\/truthcampaign.org\/#\/schema\/logo\/image\/","url":"https:\/\/i0.wp.com\/truthcampaign.org\/wp-content\/uploads\/2024\/10\/cropped-IMG_0863.jpeg?fit=580%2C580&ssl=1","contentUrl":"https:\/\/i0.wp.com\/truthcampaign.org\/wp-content\/uploads\/2024\/10\/cropped-IMG_0863.jpeg?fit=580%2C580&ssl=1","width":580,"height":580,"caption":"truthcampaign.org"},"image":{"@id":"https:\/\/truthcampaign.org\/#\/schema\/logo\/image\/"},"sameAs":["https:\/\/x.com\/SeekWhyTheyLeft"]}]}},"jetpack_likes_enabled":true,"jetpack_sharing_enabled":true,"jetpack_shortlink":"https:\/\/wp.me\/PbvFlR-kg","_links":{"self":[{"href":"https:\/\/truthcampaign.org\/ro\/wp-json\/wp\/v2\/pages\/1256","targetHints":{"allow":["GET"]}}],"collection":[{"href":"https:\/\/truthcampaign.org\/ro\/wp-json\/wp\/v2\/pages"}],"about":[{"href":"https:\/\/truthcampaign.org\/ro\/wp-json\/wp\/v2\/types\/page"}],"author":[{"embeddable":true,"href":"https:\/\/truthcampaign.org\/ro\/wp-json\/wp\/v2\/users\/176433605"}],"replies":[{"embeddable":true,"href":"https:\/\/truthcampaign.org\/ro\/wp-json\/wp\/v2\/comments?post=1256"}],"version-history":[{"count":99,"href":"https:\/\/truthcampaign.org\/ro\/wp-json\/wp\/v2\/pages\/1256\/revisions"}],"predecessor-version":[{"id":23080,"href":"https:\/\/truthcampaign.org\/ro\/wp-json\/wp\/v2\/pages\/1256\/revisions\/23080"}],"wp:attachment":[{"href":"https:\/\/truthcampaign.org\/ro\/wp-json\/wp\/v2\/media?parent=1256"}],"curies":[{"name":"wp","href":"https:\/\/api.w.org\/{rel}","templated":true}]}}